{"id":87,"date":"2015-10-22T03:17:26","date_gmt":"2015-10-22T03:17:26","guid":{"rendered":"http:\/\/demo.thimpress.com\/eduma\/?page_id=87"},"modified":"2024-06-14T21:09:51","modified_gmt":"2024-06-14T19:09:51","slug":"contact-eisam","status":"publish","type":"page","link":"https:\/\/eisam.cm\/en\/contact-eisam\/","title":{"rendered":"Contact"},"content":{"rendered":"<div data-elementor-type=\"wp-post\" data-elementor-id=\"87\" class=\"elementor elementor-87\">\n\t\t\t\t\t\t\t\t\t<section class=\"elementor-section elementor-top-section elementor-element elementor-element-3e13ad1 elementor-section-stretched elementor-section-boxed elementor-section-height-default elementor-section-height-default\" data-id=\"3e13ad1\" data-element_type=\"section\" data-settings=\"{&quot;stretch_section&quot;:&quot;section-stretched&quot;}\">\n\t\t\t\t\t\t<div class=\"elementor-container elementor-column-gap-custom\">\n\t\t\t\t\t<div class=\"elementor-column elementor-col-33 elementor-top-column elementor-element elementor-element-f25b691\" data-id=\"f25b691\" data-element_type=\"column\" data-settings=\"{&quot;background_background&quot;:&quot;classic&quot;}\">\n\t\t\t<div class=\"elementor-widget-wrap elementor-element-populated\">\n\t\t\t\t\t<div class=\"elementor-background-overlay\"><\/div>\n\t\t\t\t\t\t\t\t<div class=\"elementor-element elementor-element-c6f58bd iconbox-text-center elementor-widget elementor-widget-thim-icon-box\" data-id=\"c6f58bd\" data-element_type=\"widget\" data-widget_type=\"thim-icon-box.default\">\n\t\t\t\t<div class=\"elementor-widget-container\">\n\t\t\t<div class=\"thim-widget-icon-box\"><div class=\"wrapper-box-icon text-center\"><div class=\"smicon-box iconbox-top\"><div class=\"boxes-icon\"><span class=\"inner-icon\"><span class=\"icon\"><i aria-hidden=\"true\" class=\"tk tk-pin1\"><\/i><\/span><\/span><\/div><div class=\"content-inner\"><div class=\"sc-heading\"><p class=\"heading__primary\">Locality<\/p><\/div><div class=\"desc-icon-box\"><div class=\"desc-content\">Mak\u00e9p\u00e9 Rh\u00f4ne Poulenc, Douala (Cameroun)<\/div><\/div><\/div><\/div><\/div><\/div>\t\t<\/div>\n\t\t\t\t<\/div>\n\t\t\t\t\t<\/div>\n\t\t<\/div>\n\t\t\t\t<div class=\"elementor-column elementor-col-33 elementor-top-column elementor-element elementor-element-7581677\" data-id=\"7581677\" data-element_type=\"column\" data-settings=\"{&quot;background_background&quot;:&quot;classic&quot;}\">\n\t\t\t<div class=\"elementor-widget-wrap elementor-element-populated\">\n\t\t\t\t\t\t\t\t<div class=\"elementor-element elementor-element-a66d183 iconbox-text-center elementor-widget elementor-widget-thim-icon-box\" data-id=\"a66d183\" data-element_type=\"widget\" data-widget_type=\"thim-icon-box.default\">\n\t\t\t\t<div class=\"elementor-widget-container\">\n\t\t\t<div class=\"thim-widget-icon-box\"><div class=\"wrapper-box-icon text-center\"><div class=\"smicon-box iconbox-top\"><div class=\"boxes-icon\"><span class=\"inner-icon\"><span class=\"icon\"><i aria-hidden=\"true\" class=\"tk tk-teacher\"><\/i><\/span><\/span><\/div><div class=\"content-inner\"><div class=\"sc-heading\"><p class=\"heading__primary\">Contact<\/p><\/div><div class=\"desc-icon-box\"><div class=\"desc-content\">Cameroun : +237 679 050 170 \/ 690 394 281 <\/br>\nFrance: +33 1 85 42 15 17 <\/br>\nMail <a class=\"cont\" href=\"mailto:contact@eisam.cm\">contact@eisam.cm<\/a><\/div><\/div><\/div><\/div><\/div><\/div>\t\t<\/div>\n\t\t\t\t<\/div>\n\t\t\t\t\t<\/div>\n\t\t<\/div>\n\t\t\t\t<div class=\"elementor-column elementor-col-33 elementor-top-column elementor-element elementor-element-77905de\" data-id=\"77905de\" data-element_type=\"column\" data-settings=\"{&quot;background_background&quot;:&quot;classic&quot;}\">\n\t\t\t<div class=\"elementor-widget-wrap elementor-element-populated\">\n\t\t\t\t\t\t\t\t<div class=\"elementor-element elementor-element-578317a iconbox-text-center elementor-widget elementor-widget-thim-icon-box\" data-id=\"578317a\" data-element_type=\"widget\" data-widget_type=\"thim-icon-box.default\">\n\t\t\t\t<div class=\"elementor-widget-container\">\n\t\t\t<div class=\"thim-widget-icon-box\"><div class=\"wrapper-box-icon text-center\"><div class=\"smicon-box iconbox-top\"><div class=\"boxes-icon\"><span class=\"inner-icon\"><span class=\"icon\"><i aria-hidden=\"true\" class=\"tk tk-clock1\"><\/i><\/span><\/span><\/div><div class=\"content-inner\"><div class=\"sc-heading\"><p class=\"heading__primary\">Openings<\/p><\/div><div class=\"desc-icon-box\"><div class=\"desc-content\">Monday- Friday: 08:00 - 19:00 <br\/>\nSaturday &amp; Sunday: 09:30 - 17:00<\/div><\/div><\/div><\/div><\/div><\/div>\t\t<\/div>\n\t\t\t\t<\/div>\n\t\t\t\t\t<\/div>\n\t\t<\/div>\n\t\t\t\t\t\t\t<\/div>\n\t\t<\/section>\n\t\t\t\t<section class=\"elementor-section elementor-top-section elementor-element elementor-element-71463fb elementor-section-boxed elementor-section-height-default elementor-section-height-default\" data-id=\"71463fb\" data-element_type=\"section\">\n\t\t\t\t\t\t<div class=\"elementor-container elementor-column-gap-no\">\n\t\t\t\t\t<div class=\"elementor-column elementor-col-100 elementor-top-column elementor-element elementor-element-88b5840\" data-id=\"88b5840\" data-element_type=\"column\">\n\t\t\t<div class=\"elementor-widget-wrap elementor-element-populated\">\n\t\t\t\t\t\t\t\t<div class=\"elementor-element elementor-element-74968e3 thim-ekits-heading-text-center elementor-widget thim-ekits-heading elementor-widget-thim-heading\" data-id=\"74968e3\" data-element_type=\"widget\" data-widget_type=\"thim-heading.default\">\n\t\t\t\t<div class=\"elementor-widget-container\">\n\t\t\t<div class=\"sc_heading text-center\"><h3 class=\"title\">Fill in the form below for more information<\/h3><\/div>\t\t<\/div>\n\t\t\t\t<\/div>\n\t\t\t\t<div class=\"elementor-element elementor-element-db9c2bc elementor-widget elementor-widget-thim-ekits-contact-form-7\" data-id=\"db9c2bc\" data-element_type=\"widget\" data-widget_type=\"thim-ekits-contact-form-7.default\">\n\t\t\t\t<div class=\"elementor-widget-container\">\n\t\t\t\t\t\t<div class=\"thim-ekit-wpcf7\">\n\t\t\t\t<div class=\"wpcf7 no-js\" id=\"wpcf7-f10886-o1\" lang=\"en-US\" dir=\"ltr\">\n<div class=\"screen-reader-response\"><p role=\"status\" aria-live=\"polite\" aria-atomic=\"true\"><\/p> <ul><\/ul><\/div>\n<form action=\"\/en\/wp-json\/wp\/v2\/pages\/87#wpcf7-f10886-o1\" method=\"post\" class=\"wpcf7-form init\" aria-label=\"Contact form\" novalidate=\"novalidate\" data-status=\"init\" data-trp-original-action=\"\/en\/wp-json\/wp\/v2\/pages\/87#wpcf7-f10886-o1\">\n<div style=\"display: none;\">\n<input type=\"hidden\" name=\"_wpcf7\" value=\"10886\" \/>\n<input type=\"hidden\" name=\"_wpcf7_version\" value=\"5.7.2\" \/>\n<input type=\"hidden\" name=\"_wpcf7_locale\" value=\"en_US\" \/>\n<input type=\"hidden\" name=\"_wpcf7_unit_tag\" value=\"wpcf7-f10886-o1\" \/>\n<input type=\"hidden\" name=\"_wpcf7_container_post\" value=\"0\" \/>\n<input type=\"hidden\" name=\"_wpcf7_posted_data_hash\" value=\"\" \/>\n<input type=\"hidden\" name=\"_wpcf7_recaptcha_response\" value=\"\" \/>\n<\/div>\n<p><span class=\"wpcf7-form-control-wrap\" data-name=\"your-name\"><input size=\"40\" class=\"wpcf7-form-control wpcf7-text wpcf7-validates-as-required\" aria-required=\"true\" aria-invalid=\"false\" placeholder=\"First &amp; last name*\" value=\"\" type=\"text\" name=\"your-name\" \/><\/span>\n<\/p>\n<p><span class=\"wpcf7-form-control-wrap\" data-name=\"your-email\"><input size=\"40\" class=\"wpcf7-form-control wpcf7-text wpcf7-email wpcf7-validates-as-required wpcf7-validates-as-email\" aria-required=\"true\" aria-invalid=\"false\" placeholder=\"Email *\" value=\"\" type=\"email\" name=\"your-email\" \/><\/span>\n<\/p>\n<p><span class=\"wpcf7-form-control-wrap\" data-name=\"your-subject\"><input size=\"40\" class=\"wpcf7-form-control wpcf7-text wpcf7-validates-as-required\" aria-required=\"true\" aria-invalid=\"false\" placeholder=\"Topic*\" value=\"\" type=\"text\" name=\"your-subject\" \/><\/span>\n<\/p>\n<p><span class=\"wpcf7-form-control-wrap\" data-name=\"your-message\"><textarea cols=\"40\" rows=\"10\" class=\"wpcf7-form-control wpcf7-textarea wpcf7-validates-as-required\" aria-required=\"true\" aria-invalid=\"false\" placeholder=\"Message*\" name=\"your-message\"><\/textarea><\/span>\n<\/p>\n<p><input class=\"wpcf7-form-control has-spinner wpcf7-submit\" type=\"submit\" value=\"Send\" \/>\n<\/p><p style=\"display: none !important;\"><label>&#916;<textarea name=\"_wpcf7_ak_hp_textarea\" cols=\"45\" rows=\"8\" maxlength=\"100\"><\/textarea><\/label><input type=\"hidden\" id=\"ak_js_1\" name=\"_wpcf7_ak_js\" value=\"157\"\/><script>document.getElementById( \"ak_js_1\" ).setAttribute( \"value\", ( new Date() ).getTime() );<\/script><\/p><div class=\"wpcf7-response-output\" aria-hidden=\"true\"><\/div><input type=\"hidden\" name=\"trp-form-language\" value=\"en\"\/><\/form><\/div>\t\t\t<\/div>\n\t\t\t\t\t<\/div>\n\t\t\t\t<\/div>\n\t\t\t\t\t<\/div>\n\t\t<\/div>\n\t\t\t\t\t\t\t<\/div>\n\t\t<\/section>\n\t\t\t\t<section class=\"elementor-section elementor-top-section elementor-element elementor-element-9e3e8fb elementor-section-stretched elementor-section-boxed elementor-section-height-default elementor-section-height-default\" data-id=\"9e3e8fb\" data-element_type=\"section\" data-settings=\"{&quot;stretch_section&quot;:&quot;section-stretched&quot;}\">\n\t\t\t\t\t\t<div class=\"elementor-container elementor-column-gap-no\">\n\t\t\t\t\t<div class=\"elementor-column elementor-col-100 elementor-top-column elementor-element elementor-element-9e34713\" data-id=\"9e34713\" data-element_type=\"column\">\n\t\t\t<div class=\"elementor-widget-wrap elementor-element-populated\">\n\t\t\t\t\t\t\t\t<div class=\"elementor-element elementor-element-052e901 elementor-widget elementor-widget-google_maps\" data-id=\"052e901\" data-element_type=\"widget\" data-widget_type=\"google_maps.default\">\n\t\t\t\t<div class=\"elementor-widget-container\">\n\t\t\t<style>\/*! elementor - v3.10.1 - 17-01-2023 *\/\n.elementor-widget-google_maps .elementor-widget-container{overflow:hidden}.elementor-widget-google_maps iframe{height:300px}<\/style>\t\t<div class=\"elementor-custom-embed\">\n\t\t\t<iframe loading=\"lazy\"\n\t\t\t\t\tsrc=\"https:\/\/maps.google.com\/maps?q=3QM4%2BW39%2C%20Douala&#038;t=m&#038;z=12&#038;output=embed&#038;iwloc=near\"\n\t\t\t\t\ttitle=\"3QM4+W39, Douala\"\n\t\t\t\t\taria-label=\"3QM4+W39, Douala\"\n\t\t\t><\/iframe>\n\t\t<\/div>\n\t\t\t\t<\/div>\n\t\t\t\t<\/div>\n\t\t\t\t\t<\/div>\n\t\t<\/div>\n\t\t\t\t\t\t\t<\/div>\n\t\t<\/section>\n\t\t\t\t<section class=\"elementor-section elementor-top-section elementor-element elementor-element-64871ef elementor-section-boxed elementor-section-height-default elementor-section-height-default\" data-id=\"64871ef\" data-element_type=\"section\">\n\t\t\t\t\t\t<div class=\"elementor-container elementor-column-gap-default\">\n\t\t\t\t\t<div class=\"elementor-column elementor-col-100 elementor-top-column elementor-element elementor-element-5320d81\" data-id=\"5320d81\" data-element_type=\"column\">\n\t\t\t<div class=\"elementor-widget-wrap elementor-element-populated\">\n\t\t\t\t\t\t\t\t<div class=\"dot-border-none dot-active-border-none elementor-element elementor-element-424454e elementor-widget thim-widget-gallery-images\" data-id=\"424454e\" data-element_type=\"widget\" data-widget_type=\"thim-gallery-images.default\">\n\t\t\t\t<div class=\"elementor-widget-container\">\n\t\t\t<div class=\"thim-carousel-wrapper gallery-img not_have_color\" data-visible=\"\" data-itemtablet=\"3\" data-autoplay=\"0\" data-navigation=\"1\" data-pagination=\"0\" data-loop=\"true\"><div class=\"item\"><a target=\"_blank\" href=\"https:\/\/eilco.univ-littoral.fr\/\"><img decoding=\"async\" width=\"346\" height=\"145\" src=\"https:\/\/eisam.cm\/wp-content\/uploads\/2023\/01\/cote-d-opale.png\" class=\"attachment-full size-full\" alt=\"\" srcset=\"https:\/\/eisam.cm\/wp-content\/uploads\/2023\/01\/cote-d-opale.png 346w, https:\/\/eisam.cm\/wp-content\/uploads\/2023\/01\/cote-d-opale-300x126.png 300w, https:\/\/eisam.cm\/wp-content\/uploads\/2023\/01\/cote-d-opale-18x8.png 18w\" sizes=\"(max-width: 346px) 100vw, 346px\" \/><\/a><\/div><div class=\"item\"><a target=\"_blank\" href=\"https:\/\/www.univ-orleans.fr\/fr\/polytech\"><img decoding=\"async\" width=\"900\" height=\"198\" src=\"https:\/\/eisam.cm\/wp-content\/uploads\/2023\/01\/PolytechOrleans.jpg\" class=\"attachment-full size-full\" alt=\"\" srcset=\"https:\/\/eisam.cm\/wp-content\/uploads\/2023\/01\/PolytechOrleans.jpg 900w, https:\/\/eisam.cm\/wp-content\/uploads\/2023\/01\/PolytechOrleans-300x66.jpg 300w, https:\/\/eisam.cm\/wp-content\/uploads\/2023\/01\/PolytechOrleans-768x169.jpg 768w, https:\/\/eisam.cm\/wp-content\/uploads\/2023\/01\/PolytechOrleans-600x132.jpg 600w, https:\/\/eisam.cm\/wp-content\/uploads\/2023\/01\/PolytechOrleans-18x4.jpg 18w\" sizes=\"(max-width: 900px) 100vw, 900px\" \/><\/a><\/div><div class=\"item\"><a target=\"_blank\" href=\"https:\/\/www.hernes-edu.org\"><img decoding=\"async\" width=\"1600\" height=\"353\" src=\"https:\/\/eisam.cm\/wp-content\/uploads\/2023\/02\/hernes-logo.jpg\" class=\"attachment-full size-full\" alt=\"\" srcset=\"https:\/\/eisam.cm\/wp-content\/uploads\/2023\/02\/hernes-logo.jpg 1600w, https:\/\/eisam.cm\/wp-content\/uploads\/2023\/02\/hernes-logo-300x66.jpg 300w, https:\/\/eisam.cm\/wp-content\/uploads\/2023\/02\/hernes-logo-1024x226.jpg 1024w, https:\/\/eisam.cm\/wp-content\/uploads\/2023\/02\/hernes-logo-768x169.jpg 768w, https:\/\/eisam.cm\/wp-content\/uploads\/2023\/02\/hernes-logo-1536x339.jpg 1536w, https:\/\/eisam.cm\/wp-content\/uploads\/2023\/02\/hernes-logo-600x132.jpg 600w, https:\/\/eisam.cm\/wp-content\/uploads\/2023\/02\/hernes-logo-18x4.jpg 18w\" sizes=\"(max-width: 1600px) 100vw, 1600px\" \/><\/a><\/div><div class=\"item\"><a target=\"_blank\" href=\"https:\/\/www.notredamedegrace.org\/\"><img decoding=\"async\" width=\"144\" height=\"135\" src=\"https:\/\/eisam.cm\/wp-content\/uploads\/2023\/01\/notre-dame-de-grace-1.jpg\" class=\"attachment-full size-full\" alt=\"\" srcset=\"https:\/\/eisam.cm\/wp-content\/uploads\/2023\/01\/notre-dame-de-grace-1.jpg 144w, https:\/\/eisam.cm\/wp-content\/uploads\/2023\/01\/notre-dame-de-grace-1-13x12.jpg 13w\" sizes=\"(max-width: 144px) 100vw, 144px\" \/><\/a><\/div><div class=\"item\"><a target=\"_blank\" href=\"https:\/\/www.esaip.org\/\"><img decoding=\"async\" width=\"135\" height=\"135\" src=\"https:\/\/eisam.cm\/wp-content\/uploads\/2023\/02\/logo-esaip-ecole-ingenieurs.jpg\" class=\"attachment-full size-full\" alt=\"\" srcset=\"https:\/\/eisam.cm\/wp-content\/uploads\/2023\/02\/logo-esaip-ecole-ingenieurs.jpg 135w, https:\/\/eisam.cm\/wp-content\/uploads\/2023\/02\/logo-esaip-ecole-ingenieurs-100x100.jpg 100w, https:\/\/eisam.cm\/wp-content\/uploads\/2023\/02\/logo-esaip-ecole-ingenieurs-12x12.jpg 12w\" sizes=\"(max-width: 135px) 100vw, 135px\" \/><\/a><\/div><div class=\"item\"><a target=\"_blank\" href=\"https:\/\/cytech.cyu.fr\/\"><img decoding=\"async\" width=\"144\" height=\"135\" src=\"https:\/\/eisam.cm\/wp-content\/uploads\/2023\/02\/CY-Tech-1.png\" class=\"attachment-full size-full\" alt=\"\" srcset=\"https:\/\/eisam.cm\/wp-content\/uploads\/2023\/02\/CY-Tech-1.png 144w, https:\/\/eisam.cm\/wp-content\/uploads\/2023\/02\/CY-Tech-1-13x12.png 13w\" sizes=\"(max-width: 144px) 100vw, 144px\" \/><\/a><\/div><\/div>\t\t<\/div>\n\t\t\t\t<\/div>\n\t\t\t\t\t<\/div>\n\t\t<\/div>\n\t\t\t\t\t\t\t<\/div>\n\t\t<\/section>\n\t\t\t\t\t\t\t<\/div>","protected":false},"excerpt":{"rendered":"<p>Localit\u00e9 Mak\u00e9p\u00e9 Rh\u00f4ne Poulenc, Douala (Cameroun) Contact Cameroun : +237 679 050 170 \/ 690 394 281 France: +33 1 85 42 15 17 Mail: contact@eisam.cm Ouvertures Lundi- Vendredi: 08:00 &#8211; 19:00 Samedi &#038; Dimanche: 09:30 &#8211; 17:00 Remplissez le &hellip; <\/p>","protected":false},"author":1,"featured_media":11528,"parent":0,"menu_order":0,"comment_status":"closed","ping_status":"closed","template":"","meta":{"content-type":"","footnotes":""},"class_list":["post-87","page","type-page","status-publish","has-post-thumbnail","hentry"],"yoast_head":"<!-- This site is optimized with the Yoast SEO plugin v20.1 - https:\/\/yoast.com\/wordpress\/plugins\/seo\/ -->\n<title>Contact - l&#039;\u00c9isam<\/title>\n<meta name=\"description\" content=\"Acc\u00e9der \u00e0 la page contact de l&#039;\u00c9isam afin de retrouver toutes information relatives au contact du personnel de l&#039;\u00e9tablissement.\" \/>\n<meta name=\"robots\" content=\"index, follow, max-snippet:-1, max-image-preview:large, max-video-preview:-1\" \/>\n<link rel=\"canonical\" href=\"https:\/\/eisam.cm\/en\/contact-eisam\/\" \/>\n<meta property=\"og:locale\" content=\"en_US\" \/>\n<meta property=\"og:type\" content=\"article\" \/>\n<meta property=\"og:title\" content=\"Contact - l&#039;\u00c9isam\" \/>\n<meta property=\"og:description\" content=\"Acc\u00e9der \u00e0 la page contact de l&#039;\u00c9isam afin de retrouver toutes information relatives au contact du personnel de l&#039;\u00e9tablissement.\" \/>\n<meta property=\"og:url\" content=\"https:\/\/eisam.cm\/en\/contact-eisam\/\" \/>\n<meta property=\"og:site_name\" content=\"l&#039;\u00c9isam\" \/>\n<meta property=\"article:modified_time\" content=\"2024-06-14T19:09:51+00:00\" \/>\n<meta property=\"og:image\" content=\"https:\/\/eisam.cm\/wp-content\/uploads\/2023\/03\/img-EISAM-050323_7-Photo.jpg\" \/>\n\t<meta property=\"og:image:width\" content=\"1920\" \/>\n\t<meta property=\"og:image:height\" content=\"1080\" \/>\n\t<meta property=\"og:image:type\" content=\"image\/jpeg\" \/>\n<meta name=\"twitter:card\" content=\"summary_large_image\" \/>\n<meta name=\"twitter:label1\" content=\"Est. reading time\" \/>\n\t<meta name=\"twitter:data1\" content=\"4 minutes\" \/>\n<script type=\"application\/ld+json\" class=\"yoast-schema-graph\">{\"@context\":\"https:\/\/schema.org\",\"@graph\":[{\"@type\":\"WebPage\",\"@id\":\"https:\/\/eisam.cm\/contact-eisam\/\",\"url\":\"https:\/\/eisam.cm\/contact-eisam\/\",\"name\":\"Contact - l&#039;\u00c9isam\",\"isPartOf\":{\"@id\":\"https:\/\/eisam.cm\/#website\"},\"datePublished\":\"2015-10-22T03:17:26+00:00\",\"dateModified\":\"2024-06-14T19:09:51+00:00\",\"description\":\"Acc\u00e9der \u00e0 la page contact de l'\u00c9isam afin de retrouver toutes information relatives au contact du personnel de l'\u00e9tablissement.\",\"breadcrumb\":{\"@id\":\"https:\/\/eisam.cm\/contact-eisam\/#breadcrumb\"},\"inLanguage\":\"en-US\",\"potentialAction\":[{\"@type\":\"ReadAction\",\"target\":[\"https:\/\/eisam.cm\/contact-eisam\/\"]}]},{\"@type\":\"BreadcrumbList\",\"@id\":\"https:\/\/eisam.cm\/contact-eisam\/#breadcrumb\",\"itemListElement\":[{\"@type\":\"ListItem\",\"position\":1,\"name\":\"Accueil\",\"item\":\"https:\/\/eisam.cm\/\"},{\"@type\":\"ListItem\",\"position\":2,\"name\":\"Contact\"}]},{\"@type\":\"WebSite\",\"@id\":\"https:\/\/eisam.cm\/#website\",\"url\":\"https:\/\/eisam.cm\/\",\"name\":\"\u00c9isam\",\"description\":\"l&#039;\u00c9cole Internationale des Sciences Avanc\u00e9es et du Management\",\"publisher\":{\"@id\":\"https:\/\/eisam.cm\/#organization\"},\"potentialAction\":[{\"@type\":\"SearchAction\",\"target\":{\"@type\":\"EntryPoint\",\"urlTemplate\":\"https:\/\/eisam.cm\/?s={search_term_string}\"},\"query-input\":\"required name=search_term_string\"}],\"inLanguage\":\"en-US\"},{\"@type\":\"Organization\",\"@id\":\"https:\/\/eisam.cm\/#organization\",\"name\":\"\u00c9isam\",\"url\":\"https:\/\/eisam.cm\/\",\"logo\":{\"@type\":\"ImageObject\",\"inLanguage\":\"en-US\",\"@id\":\"https:\/\/eisam.cm\/#\/schema\/logo\/image\/\",\"url\":\"https:\/\/eisam.cm\/wp-content\/uploads\/2023\/02\/Logo-Eisam_a-1.png\",\"contentUrl\":\"https:\/\/eisam.cm\/wp-content\/uploads\/2023\/02\/Logo-Eisam_a-1.png\",\"width\":500,\"height\":200,\"caption\":\"\u00c9isam\"},\"image\":{\"@id\":\"https:\/\/eisam.cm\/#\/schema\/logo\/image\/\"}}]}<\/script>\n<!-- \/ Yoast SEO plugin. -->","yoast_head_json":{"title":"Contact - l&#039;\u00c9isam","description":"Acc\u00e9der \u00e0 la page contact de l'\u00c9isam afin de retrouver toutes information relatives au contact du personnel de l'\u00e9tablissement.","robots":{"index":"index","follow":"follow","max-snippet":"max-snippet:-1","max-image-preview":"max-image-preview:large","max-video-preview":"max-video-preview:-1"},"canonical":"https:\/\/eisam.cm\/en\/contact-eisam\/","og_locale":"en_US","og_type":"article","og_title":"Contact - l&#039;\u00c9isam","og_description":"Acc\u00e9der \u00e0 la page contact de l'\u00c9isam afin de retrouver toutes information relatives au contact du personnel de l'\u00e9tablissement.","og_url":"https:\/\/eisam.cm\/en\/contact-eisam\/","og_site_name":"l&#039;\u00c9isam","article_modified_time":"2024-06-14T19:09:51+00:00","og_image":[{"width":1920,"height":1080,"url":"https:\/\/eisam.cm\/wp-content\/uploads\/2023\/03\/img-EISAM-050323_7-Photo.jpg","type":"image\/jpeg"}],"twitter_card":"summary_large_image","twitter_misc":{"Est. reading time":"4 minutes"},"schema":{"@context":"https:\/\/schema.org","@graph":[{"@type":"WebPage","@id":"https:\/\/eisam.cm\/contact-eisam\/","url":"https:\/\/eisam.cm\/contact-eisam\/","name":"Contact - l&#039;\u00c9isam","isPartOf":{"@id":"https:\/\/eisam.cm\/#website"},"datePublished":"2015-10-22T03:17:26+00:00","dateModified":"2024-06-14T19:09:51+00:00","description":"Acc\u00e9der \u00e0 la page contact de l'\u00c9isam afin de retrouver toutes information relatives au contact du personnel de l'\u00e9tablissement.","breadcrumb":{"@id":"https:\/\/eisam.cm\/contact-eisam\/#breadcrumb"},"inLanguage":"en-US","potentialAction":[{"@type":"ReadAction","target":["https:\/\/eisam.cm\/contact-eisam\/"]}]},{"@type":"BreadcrumbList","@id":"https:\/\/eisam.cm\/contact-eisam\/#breadcrumb","itemListElement":[{"@type":"ListItem","position":1,"name":"Accueil","item":"https:\/\/eisam.cm\/"},{"@type":"ListItem","position":2,"name":"Contact"}]},{"@type":"WebSite","@id":"https:\/\/eisam.cm\/#website","url":"https:\/\/eisam.cm\/","name":"\u00c9isam","description":"l&#039;\u00c9cole Internationale des Sciences Avanc\u00e9es et du Management","publisher":{"@id":"https:\/\/eisam.cm\/#organization"},"potentialAction":[{"@type":"SearchAction","target":{"@type":"EntryPoint","urlTemplate":"https:\/\/eisam.cm\/?s={search_term_string}"},"query-input":"required name=search_term_string"}],"inLanguage":"en-US"},{"@type":"Organization","@id":"https:\/\/eisam.cm\/#organization","name":"\u00c9isam","url":"https:\/\/eisam.cm\/","logo":{"@type":"ImageObject","inLanguage":"en-US","@id":"https:\/\/eisam.cm\/#\/schema\/logo\/image\/","url":"https:\/\/eisam.cm\/wp-content\/uploads\/2023\/02\/Logo-Eisam_a-1.png","contentUrl":"https:\/\/eisam.cm\/wp-content\/uploads\/2023\/02\/Logo-Eisam_a-1.png","width":500,"height":200,"caption":"\u00c9isam"},"image":{"@id":"https:\/\/eisam.cm\/#\/schema\/logo\/image\/"}}]}},"_links":{"self":[{"href":"https:\/\/eisam.cm\/en\/wp-json\/wp\/v2\/pages\/87","targetHints":{"allow":["GET"]}}],"collection":[{"href":"https:\/\/eisam.cm\/en\/wp-json\/wp\/v2\/pages"}],"about":[{"href":"https:\/\/eisam.cm\/en\/wp-json\/wp\/v2\/types\/page"}],"author":[{"embeddable":true,"href":"https:\/\/eisam.cm\/en\/wp-json\/wp\/v2\/users\/1"}],"replies":[{"embeddable":true,"href":"https:\/\/eisam.cm\/en\/wp-json\/wp\/v2\/comments?post=87"}],"version-history":[{"count":55,"href":"https:\/\/eisam.cm\/en\/wp-json\/wp\/v2\/pages\/87\/revisions"}],"predecessor-version":[{"id":12171,"href":"https:\/\/eisam.cm\/en\/wp-json\/wp\/v2\/pages\/87\/revisions\/12171"}],"wp:featuredmedia":[{"embeddable":true,"href":"https:\/\/eisam.cm\/en\/wp-json\/wp\/v2\/media\/11528"}],"wp:attachment":[{"href":"https:\/\/eisam.cm\/en\/wp-json\/wp\/v2\/media?parent=87"}],"curies":[{"name":"wp","href":"https:\/\/api.w.org\/{rel}","templated":true}]}}