{"id":11996,"date":"2025-01-02T21:29:46","date_gmt":"2025-01-02T20:29:46","guid":{"rendered":"https:\/\/eisam.cm\/?page_id=11996"},"modified":"2025-07-15T15:12:45","modified_gmt":"2025-07-15T13:12:45","slug":"etudier-a-leisam","status":"publish","type":"page","link":"https:\/\/eisam.cm\/en\/etudier-a-leisam\/","title":{"rendered":"Study at Eisam"},"content":{"rendered":"<div data-elementor-type=\"wp-page\" data-elementor-id=\"11996\" class=\"elementor elementor-11996\">\n\t\t\t\t\t\t\t\t\t<section class=\"elementor-section elementor-top-section elementor-element elementor-element-5322e353 elementor-section-height-min-height elementor-section-items-stretch elementor-section-content-middle elementor-section-full_width elementor-section-height-default\" data-id=\"5322e353\" data-element_type=\"section\" data-settings=\"{&quot;background_background&quot;:&quot;classic&quot;}\">\n\t\t\t\t\t\t<div class=\"elementor-container elementor-column-gap-no\">\n\t\t\t\t\t<div class=\"elementor-column elementor-col-50 elementor-top-column elementor-element elementor-element-27520ac9\" data-id=\"27520ac9\" data-element_type=\"column\">\n\t\t\t<div class=\"elementor-widget-wrap elementor-element-populated\">\n\t\t\t\t\t\t\t\t<div class=\"elementor-element elementor-element-34287fe6 elementor-widget elementor-widget-heading\" data-id=\"34287fe6\" data-element_type=\"widget\" data-widget_type=\"heading.default\">\n\t\t\t\t<div class=\"elementor-widget-container\">\n\t\t\t<style>\/*! elementor - v3.10.1 - 17-01-2023 *\/\n.elementor-heading-title{padding:0;margin:0;line-height:1}.elementor-widget-heading .elementor-heading-title[class*=elementor-size-]>a{color:inherit;font-size:inherit;line-height:inherit}.elementor-widget-heading .elementor-heading-title.elementor-size-small{font-size:15px}.elementor-widget-heading .elementor-heading-title.elementor-size-medium{font-size:19px}.elementor-widget-heading .elementor-heading-title.elementor-size-large{font-size:29px}.elementor-widget-heading .elementor-heading-title.elementor-size-xl{font-size:39px}.elementor-widget-heading .elementor-heading-title.elementor-size-xxl{font-size:59px}<\/style><h1 class=\"elementor-heading-title elementor-size-default\">Studies at Eisam<\/h1>\t\t<\/div>\n\t\t\t\t<\/div>\n\t\t\t\t<div class=\"elementor-element elementor-element-cd00746 elementor-widget elementor-widget-text-editor\" data-id=\"cd00746\" data-element_type=\"widget\" data-widget_type=\"text-editor.default\">\n\t\t\t\t<div class=\"elementor-widget-container\">\n\t\t\t<style>\/*! elementor - v3.10.1 - 17-01-2023 *\/\n.elementor-widget-text-editor.elementor-drop-cap-view-stacked .elementor-drop-cap{background-color:#818a91;color:#fff}.elementor-widget-text-editor.elementor-drop-cap-view-framed .elementor-drop-cap{color:#818a91;border:3px solid;background-color:transparent}.elementor-widget-text-editor:not(.elementor-drop-cap-view-default) .elementor-drop-cap{margin-top:8px}.elementor-widget-text-editor:not(.elementor-drop-cap-view-default) .elementor-drop-cap-letter{width:1em;height:1em}.elementor-widget-text-editor .elementor-drop-cap{float:left;text-align:center;line-height:1;font-size:50px}.elementor-widget-text-editor .elementor-drop-cap-letter{display:inline-block}<\/style>\t\t\t\t<p>Eisam welcomes all students from the <br \/>all over the world, whatever their <br \/>social origins. We have boarding places available to accommodate those <br \/>and a school canteen. <br \/>Each student intern is entitled to 3 <br \/>meals a day.\u00a0<\/p>\t\t\t\t\t\t<\/div>\n\t\t\t\t<\/div>\n\t\t\t\t\t<\/div>\n\t\t<\/div>\n\t\t\t\t<div class=\"elementor-column elementor-col-50 elementor-top-column elementor-element elementor-element-456113de\" data-id=\"456113de\" data-element_type=\"column\">\n\t\t\t<div class=\"elementor-widget-wrap elementor-element-populated\">\n\t\t\t\t\t\t\t\t<div class=\"elementor-element elementor-element-506b4d79 elementor-widget elementor-widget-image\" data-id=\"506b4d79\" data-element_type=\"widget\" data-widget_type=\"image.default\">\n\t\t\t\t<div class=\"elementor-widget-container\">\n\t\t\t<style>\/*! elementor - v3.10.1 - 17-01-2023 *\/\n.elementor-widget-image{text-align:center}.elementor-widget-image a{display:inline-block}.elementor-widget-image a img[src$=\".svg\"]{width:48px}.elementor-widget-image img{vertical-align:middle;display:inline-block}<\/style>\t\t\t\t\t\t\t\t\t\t\t\t<img decoding=\"async\" width=\"640\" height=\"427\" src=\"https:\/\/eisam.cm\/wp-content\/uploads\/2025\/01\/WhatsApp-Image-2024-12-19-a-19.41.18_209d1213-1024x683.jpg\" class=\"attachment-large size-large wp-image-11982\" alt=\"\" srcset=\"https:\/\/eisam.cm\/wp-content\/uploads\/2025\/01\/WhatsApp-Image-2024-12-19-a-19.41.18_209d1213-1024x683.jpg 1024w, https:\/\/eisam.cm\/wp-content\/uploads\/2025\/01\/WhatsApp-Image-2024-12-19-a-19.41.18_209d1213-300x200.jpg 300w, https:\/\/eisam.cm\/wp-content\/uploads\/2025\/01\/WhatsApp-Image-2024-12-19-a-19.41.18_209d1213-768x512.jpg 768w, https:\/\/eisam.cm\/wp-content\/uploads\/2025\/01\/WhatsApp-Image-2024-12-19-a-19.41.18_209d1213-600x400.jpg 600w, https:\/\/eisam.cm\/wp-content\/uploads\/2025\/01\/WhatsApp-Image-2024-12-19-a-19.41.18_209d1213-18x12.jpg 18w, https:\/\/eisam.cm\/wp-content\/uploads\/2025\/01\/WhatsApp-Image-2024-12-19-a-19.41.18_209d1213.jpg 1440w\" sizes=\"(max-width: 640px) 100vw, 640px\" \/>\t\t\t\t\t\t\t\t\t\t\t\t\t\t\t<\/div>\n\t\t\t\t<\/div>\n\t\t\t\t\t<\/div>\n\t\t<\/div>\n\t\t\t\t\t\t\t<\/div>\n\t\t<\/section>\n\t\t\t\t<section class=\"elementor-section elementor-top-section elementor-element elementor-element-24694e2 elementor-section-boxed elementor-section-height-default elementor-section-height-default\" data-id=\"24694e2\" data-element_type=\"section\">\n\t\t\t\t\t\t<div class=\"elementor-container elementor-column-gap-default\">\n\t\t\t\t\t<div class=\"elementor-column elementor-col-100 elementor-top-column elementor-element elementor-element-27c2e44\" data-id=\"27c2e44\" data-element_type=\"column\">\n\t\t\t<div class=\"elementor-widget-wrap elementor-element-populated\">\n\t\t\t\t\t\t\t\t<div class=\"elementor-element elementor-element-c31ecfa elementor-widget elementor-widget-thim-ekits-contact-form-7\" data-id=\"c31ecfa\" data-element_type=\"widget\" data-widget_type=\"thim-ekits-contact-form-7.default\">\n\t\t\t\t<div class=\"elementor-widget-container\">\n\t\t\t\t\t\t<div class=\"thim-ekit-wpcf7\">\n\t\t\t\t<div class=\"wpcf7 no-js\" id=\"wpcf7-f12047-o1\" lang=\"fr-FR\" dir=\"ltr\">\n<div class=\"screen-reader-response\"><p role=\"status\" aria-live=\"polite\" aria-atomic=\"true\"><\/p> <ul><\/ul><\/div>\n<form action=\"\/en\/wp-json\/wp\/v2\/pages\/11996#wpcf7-f12047-o1\" method=\"post\" class=\"wpcf7-form init\" aria-label=\"Formulaire de contact\" enctype=\"multipart\/form-data\" novalidate=\"novalidate\" data-status=\"init\" data-trp-original-action=\"\/en\/wp-json\/wp\/v2\/pages\/11996#wpcf7-f12047-o1\">\n<div style=\"display: none;\">\n<input type=\"hidden\" name=\"_wpcf7\" value=\"12047\" \/>\n<input type=\"hidden\" name=\"_wpcf7_version\" value=\"5.7.2\" \/>\n<input type=\"hidden\" name=\"_wpcf7_locale\" value=\"fr_FR\" \/>\n<input type=\"hidden\" name=\"_wpcf7_unit_tag\" value=\"wpcf7-f12047-o1\" \/>\n<input type=\"hidden\" name=\"_wpcf7_container_post\" value=\"0\" \/>\n<input type=\"hidden\" name=\"_wpcf7_posted_data_hash\" value=\"\" \/>\n<input type=\"hidden\" name=\"_wpcf7_recaptcha_response\" value=\"\" \/>\n<\/div>\n<div class=\"custom-form-wrapper\">\n\t<h2>Enquiry Form\n\t<\/h2>\n\t<div class=\"form-group two-columns\">\n\t\t<p><label>1. Full name *<\/label><br \/>\n<span class=\"wpcf7-form-control-wrap\" data-name=\"nom\"><input size=\"40\" class=\"wpcf7-form-control wpcf7-text wpcf7-validates-as-required\" aria-required=\"true\" aria-invalid=\"false\" placeholder=\"Name\" value=\"\" type=\"text\" name=\"nom\" \/><\/span><br \/>\n<span class=\"wpcf7-form-control-wrap\" data-name=\"prenom\"><input size=\"40\" class=\"wpcf7-form-control wpcf7-text wpcf7-validates-as-required\" aria-required=\"true\" aria-invalid=\"false\" placeholder=\"Forename\" value=\"\" type=\"text\" name=\"prenom\" \/><\/span>\n\t\t<\/p>\n\t<\/div>\n\t<div class=\"form-group\">\n\t\t<p><label>2. Email address *<\/label><br \/>\n<span class=\"wpcf7-form-control-wrap\" data-name=\"your-email\"><input size=\"40\" class=\"wpcf7-form-control wpcf7-text wpcf7-email wpcf7-validates-as-required wpcf7-validates-as-email\" aria-required=\"true\" aria-invalid=\"false\" placeholder=\"Your Email Address\" value=\"\" type=\"email\" name=\"your-email\" \/><\/span>\n\t\t<\/p>\n\t<\/div>\n\t<div class=\"form-group\">\n\t\t<p><label>3. Date of birth *<\/label><br \/>\n<span class=\"wpcf7-form-control-wrap\" data-name=\"dateNaissance\"><input class=\"wpcf7-form-control wpcf7-date wpcf7-validates-as-required wpcf7-validates-as-date\" aria-required=\"true\" aria-invalid=\"false\" placeholder=\"DD\/MM\/YYYY\" value=\"\" type=\"date\" name=\"dateNaissance\" \/><\/span>\n\t\t<\/p>\n\t<\/div>\n\t<div class=\"form-group\">\n\t\t<p><label>4. Civility *<\/label><br \/>\n<span class=\"wpcf7-form-control-wrap\" data-name=\"civilite\"><select class=\"wpcf7-form-control wpcf7-select wpcf7-validates-as-required\" aria-required=\"true\" aria-invalid=\"false\" name=\"civilite\"><option value=\"S\u00e9lectionnez votre civilit\u00e9\">Select your civility<\/option><option value=\"Monsieur\">Sir<\/option><option value=\"Madame\">Mrs.<\/option><option value=\"Autre\">Other<\/option><\/select><\/span>\n\t\t<\/p>\n\t<\/div>\n\t<div class=\"form-group multi-columns\">\n\t\t<p><label>5. Residence<\/label><br \/>\n<span class=\"wpcf7-form-control-wrap\" data-name=\"quartier\"><input size=\"40\" class=\"wpcf7-form-control wpcf7-text\" aria-invalid=\"false\" placeholder=\"Area\" value=\"\" type=\"text\" name=\"quartier\" \/><\/span><br \/>\n<span class=\"wpcf7-form-control-wrap\" data-name=\"region\"><input size=\"40\" class=\"wpcf7-form-control wpcf7-text\" aria-invalid=\"false\" placeholder=\"Region\" value=\"\" type=\"text\" name=\"region\" \/><\/span><br \/>\n<span class=\"wpcf7-form-control-wrap\" data-name=\"ville\"><input size=\"40\" class=\"wpcf7-form-control wpcf7-text\" aria-invalid=\"false\" placeholder=\"Town\" value=\"\" type=\"text\" name=\"ville\" \/><\/span><br \/>\n<span class=\"wpcf7-form-control-wrap\" data-name=\"codePostal\"><input size=\"40\" class=\"wpcf7-form-control wpcf7-text\" aria-invalid=\"false\" placeholder=\"Postal Code\" value=\"\" type=\"text\" name=\"codePostal\" \/><\/span><br \/>\n<span class=\"wpcf7-form-control-wrap\" data-name=\"pays\"><select class=\"wpcf7-form-control wpcf7-select wpcf7-validates-as-required\" aria-required=\"true\" aria-invalid=\"false\" name=\"pays\"><option value=\"S\u00e9lectionnez votre pays\">Select your Country<\/option><option value=\"Cameroun\">Cameroon<\/option><option value=\"France\">France<\/option><option value=\"Canada\">Canada<\/option><option value=\"Autre\">Other<\/option><\/select><\/span>\n\t\t<\/p>\n\t<\/div>\n\t<div class=\"form-group\">\n\t\t<p><label>6. Phone *<\/label><br \/>\n<span class=\"wpcf7-form-control-wrap\" data-name=\"telephone\"><input size=\"40\" class=\"wpcf7-form-control wpcf7-text wpcf7-tel wpcf7-validates-as-required wpcf7-validates-as-tel\" aria-required=\"true\" aria-invalid=\"false\" placeholder=\"Phone\" value=\"\" type=\"tel\" name=\"telephone\" \/><\/span>\n\t\t<\/p>\n\t<\/div>\n\t<div class=\"form-group two-columns\">\n\t\t<p><label>7. Notes *<\/label><br \/>\n<span class=\"wpcf7-form-control-wrap\" data-name=\"moyenne1\"><input size=\"40\" class=\"wpcf7-form-control wpcf7-text wpcf7-validates-as-required\" aria-required=\"true\" aria-invalid=\"false\" placeholder=\"Notes 1st quarter\" value=\"\" type=\"text\" name=\"moyenne1\" \/><\/span><br \/>\n<span class=\"wpcf7-form-control-wrap\" data-name=\"moyenne2\"><input size=\"40\" class=\"wpcf7-form-control wpcf7-text wpcf7-validates-as-required\" aria-required=\"true\" aria-invalid=\"false\" placeholder=\"Notes 2nd quarter\" value=\"\" type=\"text\" name=\"moyenne2\" \/><\/span>\n\t\t<\/p>\n\t<\/div>\n\t<div class=\"form-group\">\n\t\t<p><label>8. Have you ever repeated a year? *<\/label><br \/>\n<span class=\"wpcf7-form-control-wrap\" data-name=\"redouble\"><span class=\"wpcf7-form-control wpcf7-radio\"><span class=\"wpcf7-list-item first\"><label><input type=\"radio\" name=\"redouble\" value=\"Oui\" checked=\"checked\" tabindex=\"\" \/><span class=\"wpcf7-list-item-label\">Yes<\/span><\/label><\/span><span class=\"wpcf7-list-item last\"><label><input type=\"radio\" name=\"redouble\" value=\"Non\" tabindex=\"\" \/><span class=\"wpcf7-list-item-label\">No<\/span><\/label><\/span><\/span><\/span>\n\t\t<\/p>\n\t<\/div>\n\t<div class=\"form-group\">\n\t\t<p><label>9. Attachments (PDF, DOC, JPG...) *.<\/label><br \/>\n<span class=\"wpcf7-form-control-wrap\" data-name=\"pieces-attachees\"><input size=\"40\" class=\"wpcf7-form-control wpcf7-file\" accept=\".pdf,.doc,.docx,.jpg,.png\" aria-invalid=\"false\" type=\"file\" name=\"pieces-attachees\" \/><\/span>\n\t\t<\/p>\n\t<\/div>\n\t<div class=\"form-group\">\n\t\t<p><span class=\"wpcf7-form-control-wrap\" data-name=\"attestation\"><span class=\"wpcf7-form-control wpcf7-checkbox wpcf7-validates-as-required\"><span class=\"wpcf7-list-item first last\"><label><input type=\"checkbox\" name=\"attestation[]\" value=\"J&#039;atteste sur l&#039;honneur l&#039;exactitude des informations saisies\" tabindex=\"\" \/><span class=\"wpcf7-list-item-label\">I certify on my honour that the information provided is correct<\/span><\/label><\/span><\/span><\/span>\n\t\t<\/p>\n\t<\/div>\n\n\t<div class=\"form-group\">\n\t\t<p><input class=\"wpcf7-form-control has-spinner wpcf7-submit\" type=\"submit\" value=\"Submit\" \/>\n\t\t<\/p>\n\t<\/div>\n<\/div><p style=\"display: none !important;\"><label>&#916;<textarea name=\"_wpcf7_ak_hp_textarea\" cols=\"45\" rows=\"8\" maxlength=\"100\"><\/textarea><\/label><input type=\"hidden\" id=\"ak_js_1\" name=\"_wpcf7_ak_js\" value=\"59\"\/><script>document.getElementById( \"ak_js_1\" ).setAttribute( \"value\", ( new Date() ).getTime() );<\/script><\/p><div class=\"wpcf7-response-output\" aria-hidden=\"true\"><\/div><input type=\"hidden\" name=\"trp-form-language\" value=\"en\"\/><\/form><\/div>\t\t\t<\/div>\n\t\t\t\t\t<\/div>\n\t\t\t\t<\/div>\n\t\t\t\t\t<\/div>\n\t\t<\/div>\n\t\t\t\t\t\t\t<\/div>\n\t\t<\/section>\n\t\t\t\t\t\t\t<\/div>","protected":false},"excerpt":{"rendered":"<p>Etudes \u00e0 l&#8217;Eisam L\u2019Eisam accueille tous les \u00e9tudiants du monde entier, peu importe leurs origines sociales. Nous disposons de places en internat afin d\u2019h\u00e9berger ceux qui le d\u00e9sirent, et une cantine scolaire. Chaque \u00e9tudiant interne a droit \u00e0 3 repas &hellip; <\/p>","protected":false},"author":2,"featured_media":0,"parent":0,"menu_order":0,"comment_status":"closed","ping_status":"closed","template":"","meta":{"content-type":"","footnotes":""},"class_list":["post-11996","page","type-page","status-publish","hentry"],"yoast_head":"<!-- This site is optimized with the Yoast SEO plugin v20.1 - https:\/\/yoast.com\/wordpress\/plugins\/seo\/ -->\n<title>Etudier \u00e0 l&#039;Eisam - l&#039;\u00c9isam<\/title>\n<meta name=\"robots\" content=\"index, follow, max-snippet:-1, max-image-preview:large, max-video-preview:-1\" \/>\n<link rel=\"canonical\" href=\"https:\/\/eisam.cm\/en\/etudier-a-leisam\/\" \/>\n<meta property=\"og:locale\" content=\"en_US\" \/>\n<meta property=\"og:type\" content=\"article\" \/>\n<meta property=\"og:title\" content=\"Etudier \u00e0 l&#039;Eisam - l&#039;\u00c9isam\" \/>\n<meta property=\"og:description\" content=\"Etudes \u00e0 l&#8217;Eisam L\u2019Eisam accueille tous les \u00e9tudiants du monde entier, peu importe leurs origines sociales. Nous disposons de places en internat afin d\u2019h\u00e9berger ceux qui le d\u00e9sirent, et une cantine scolaire. Chaque \u00e9tudiant interne a droit \u00e0 3 repas &hellip;\" \/>\n<meta property=\"og:url\" content=\"https:\/\/eisam.cm\/en\/etudier-a-leisam\/\" \/>\n<meta property=\"og:site_name\" content=\"l&#039;\u00c9isam\" \/>\n<meta property=\"article:modified_time\" content=\"2025-07-15T13:12:45+00:00\" \/>\n<meta property=\"og:image\" content=\"https:\/\/eisam.cm\/wp-content\/uploads\/2025\/01\/WhatsApp-Image-2024-12-19-a-19.41.18_209d1213-1024x683.jpg\" \/>\n<meta name=\"twitter:card\" content=\"summary_large_image\" \/>\n<meta name=\"twitter:label1\" content=\"Est. reading time\" \/>\n\t<meta name=\"twitter:data1\" content=\"1 minute\" \/>\n<script type=\"application\/ld+json\" class=\"yoast-schema-graph\">{\"@context\":\"https:\/\/schema.org\",\"@graph\":[{\"@type\":\"WebPage\",\"@id\":\"https:\/\/eisam.cm\/etudier-a-leisam\/\",\"url\":\"https:\/\/eisam.cm\/etudier-a-leisam\/\",\"name\":\"Etudier \u00e0 l'Eisam - l&#039;\u00c9isam\",\"isPartOf\":{\"@id\":\"https:\/\/eisam.cm\/#website\"},\"datePublished\":\"2025-01-02T20:29:46+00:00\",\"dateModified\":\"2025-07-15T13:12:45+00:00\",\"breadcrumb\":{\"@id\":\"https:\/\/eisam.cm\/etudier-a-leisam\/#breadcrumb\"},\"inLanguage\":\"en-US\",\"potentialAction\":[{\"@type\":\"ReadAction\",\"target\":[\"https:\/\/eisam.cm\/etudier-a-leisam\/\"]}]},{\"@type\":\"BreadcrumbList\",\"@id\":\"https:\/\/eisam.cm\/etudier-a-leisam\/#breadcrumb\",\"itemListElement\":[{\"@type\":\"ListItem\",\"position\":1,\"name\":\"Accueil\",\"item\":\"https:\/\/eisam.cm\/\"},{\"@type\":\"ListItem\",\"position\":2,\"name\":\"Etudier \u00e0 l&#8217;Eisam\"}]},{\"@type\":\"WebSite\",\"@id\":\"https:\/\/eisam.cm\/#website\",\"url\":\"https:\/\/eisam.cm\/\",\"name\":\"\u00c9isam\",\"description\":\"l&#039;\u00c9cole Internationale des Sciences Avanc\u00e9es et du Management\",\"publisher\":{\"@id\":\"https:\/\/eisam.cm\/#organization\"},\"potentialAction\":[{\"@type\":\"SearchAction\",\"target\":{\"@type\":\"EntryPoint\",\"urlTemplate\":\"https:\/\/eisam.cm\/?s={search_term_string}\"},\"query-input\":\"required name=search_term_string\"}],\"inLanguage\":\"en-US\"},{\"@type\":\"Organization\",\"@id\":\"https:\/\/eisam.cm\/#organization\",\"name\":\"\u00c9isam\",\"url\":\"https:\/\/eisam.cm\/\",\"logo\":{\"@type\":\"ImageObject\",\"inLanguage\":\"en-US\",\"@id\":\"https:\/\/eisam.cm\/#\/schema\/logo\/image\/\",\"url\":\"https:\/\/eisam.cm\/wp-content\/uploads\/2023\/02\/Logo-Eisam_a-1.png\",\"contentUrl\":\"https:\/\/eisam.cm\/wp-content\/uploads\/2023\/02\/Logo-Eisam_a-1.png\",\"width\":500,\"height\":200,\"caption\":\"\u00c9isam\"},\"image\":{\"@id\":\"https:\/\/eisam.cm\/#\/schema\/logo\/image\/\"}}]}<\/script>\n<!-- \/ Yoast SEO plugin. -->","yoast_head_json":{"title":"Etudier \u00e0 l'Eisam - l&#039;\u00c9isam","robots":{"index":"index","follow":"follow","max-snippet":"max-snippet:-1","max-image-preview":"max-image-preview:large","max-video-preview":"max-video-preview:-1"},"canonical":"https:\/\/eisam.cm\/en\/etudier-a-leisam\/","og_locale":"en_US","og_type":"article","og_title":"Etudier \u00e0 l'Eisam - l&#039;\u00c9isam","og_description":"Etudes \u00e0 l&#8217;Eisam L\u2019Eisam accueille tous les \u00e9tudiants du monde entier, peu importe leurs origines sociales. Nous disposons de places en internat afin d\u2019h\u00e9berger ceux qui le d\u00e9sirent, et une cantine scolaire. Chaque \u00e9tudiant interne a droit \u00e0 3 repas &hellip;","og_url":"https:\/\/eisam.cm\/en\/etudier-a-leisam\/","og_site_name":"l&#039;\u00c9isam","article_modified_time":"2025-07-15T13:12:45+00:00","og_image":[{"url":"https:\/\/eisam.cm\/wp-content\/uploads\/2025\/01\/WhatsApp-Image-2024-12-19-a-19.41.18_209d1213-1024x683.jpg"}],"twitter_card":"summary_large_image","twitter_misc":{"Est. reading time":"1 minute"},"schema":{"@context":"https:\/\/schema.org","@graph":[{"@type":"WebPage","@id":"https:\/\/eisam.cm\/etudier-a-leisam\/","url":"https:\/\/eisam.cm\/etudier-a-leisam\/","name":"Etudier \u00e0 l'Eisam - l&#039;\u00c9isam","isPartOf":{"@id":"https:\/\/eisam.cm\/#website"},"datePublished":"2025-01-02T20:29:46+00:00","dateModified":"2025-07-15T13:12:45+00:00","breadcrumb":{"@id":"https:\/\/eisam.cm\/etudier-a-leisam\/#breadcrumb"},"inLanguage":"en-US","potentialAction":[{"@type":"ReadAction","target":["https:\/\/eisam.cm\/etudier-a-leisam\/"]}]},{"@type":"BreadcrumbList","@id":"https:\/\/eisam.cm\/etudier-a-leisam\/#breadcrumb","itemListElement":[{"@type":"ListItem","position":1,"name":"Accueil","item":"https:\/\/eisam.cm\/"},{"@type":"ListItem","position":2,"name":"Etudier \u00e0 l&#8217;Eisam"}]},{"@type":"WebSite","@id":"https:\/\/eisam.cm\/#website","url":"https:\/\/eisam.cm\/","name":"\u00c9isam","description":"l&#039;\u00c9cole Internationale des Sciences Avanc\u00e9es et du Management","publisher":{"@id":"https:\/\/eisam.cm\/#organization"},"potentialAction":[{"@type":"SearchAction","target":{"@type":"EntryPoint","urlTemplate":"https:\/\/eisam.cm\/?s={search_term_string}"},"query-input":"required name=search_term_string"}],"inLanguage":"en-US"},{"@type":"Organization","@id":"https:\/\/eisam.cm\/#organization","name":"\u00c9isam","url":"https:\/\/eisam.cm\/","logo":{"@type":"ImageObject","inLanguage":"en-US","@id":"https:\/\/eisam.cm\/#\/schema\/logo\/image\/","url":"https:\/\/eisam.cm\/wp-content\/uploads\/2023\/02\/Logo-Eisam_a-1.png","contentUrl":"https:\/\/eisam.cm\/wp-content\/uploads\/2023\/02\/Logo-Eisam_a-1.png","width":500,"height":200,"caption":"\u00c9isam"},"image":{"@id":"https:\/\/eisam.cm\/#\/schema\/logo\/image\/"}}]}},"_links":{"self":[{"href":"https:\/\/eisam.cm\/en\/wp-json\/wp\/v2\/pages\/11996","targetHints":{"allow":["GET"]}}],"collection":[{"href":"https:\/\/eisam.cm\/en\/wp-json\/wp\/v2\/pages"}],"about":[{"href":"https:\/\/eisam.cm\/en\/wp-json\/wp\/v2\/types\/page"}],"author":[{"embeddable":true,"href":"https:\/\/eisam.cm\/en\/wp-json\/wp\/v2\/users\/2"}],"replies":[{"embeddable":true,"href":"https:\/\/eisam.cm\/en\/wp-json\/wp\/v2\/comments?post=11996"}],"version-history":[{"count":30,"href":"https:\/\/eisam.cm\/en\/wp-json\/wp\/v2\/pages\/11996\/revisions"}],"predecessor-version":[{"id":12144,"href":"https:\/\/eisam.cm\/en\/wp-json\/wp\/v2\/pages\/11996\/revisions\/12144"}],"wp:attachment":[{"href":"https:\/\/eisam.cm\/en\/wp-json\/wp\/v2\/media?parent=11996"}],"curies":[{"name":"wp","href":"https:\/\/api.w.org\/{rel}","templated":true}]}}