{"id":11859,"date":"2024-07-27T09:15:30","date_gmt":"2024-07-27T07:15:30","guid":{"rendered":"https:\/\/eisam.cm\/?page_id=11859"},"modified":"2025-06-24T21:07:35","modified_gmt":"2025-06-24T19:07:35","slug":"frais-de-scolarite","status":"publish","type":"page","link":"https:\/\/eisam.cm\/en\/frais-de-scolarite\/","title":{"rendered":"School Fees"},"content":{"rendered":"<div data-elementor-type=\"wp-page\" data-elementor-id=\"11859\" class=\"elementor elementor-11859\">\n\t\t\t\t\t\t\t\t\t<section class=\"elementor-section elementor-top-section elementor-element elementor-element-70ac08d elementor-section-boxed elementor-section-height-default elementor-section-height-default\" data-id=\"70ac08d\" data-element_type=\"section\">\n\t\t\t\t\t\t<div class=\"elementor-container elementor-column-gap-default\">\n\t\t\t\t\t<div class=\"elementor-column elementor-col-100 elementor-top-column elementor-element elementor-element-3567bbf\" data-id=\"3567bbf\" data-element_type=\"column\">\n\t\t\t<div class=\"elementor-widget-wrap elementor-element-populated\">\n\t\t\t\t\t\t\t\t<div class=\"elementor-element elementor-element-698a525 elementor-widget elementor-widget-text-editor\" data-id=\"698a525\" data-element_type=\"widget\" data-widget_type=\"text-editor.default\">\n\t\t\t\t<div class=\"elementor-widget-container\">\n\t\t\t<style>\/*! elementor - v3.10.1 - 17-01-2023 *\/\n.elementor-widget-text-editor.elementor-drop-cap-view-stacked .elementor-drop-cap{background-color:#818a91;color:#fff}.elementor-widget-text-editor.elementor-drop-cap-view-framed .elementor-drop-cap{color:#818a91;border:3px solid;background-color:transparent}.elementor-widget-text-editor:not(.elementor-drop-cap-view-default) .elementor-drop-cap{margin-top:8px}.elementor-widget-text-editor:not(.elementor-drop-cap-view-default) .elementor-drop-cap-letter{width:1em;height:1em}.elementor-widget-text-editor .elementor-drop-cap{float:left;text-align:center;line-height:1;font-size:50px}.elementor-widget-text-editor .elementor-drop-cap-letter{display:inline-block}<\/style>\t\t\t\t<div class=\"fs-5\"><p class=\"text-black mb-2 text-break\"><span style=\"color: #000000;\"><strong>The Eisam Training School<\/strong> is recognised for its commitment to quality education and vocational training. We understand that choosing a training school is an important decision for every individual, and we are aware of the financial challenges associated with this process. With this in mind, we have developed a transparent and accessible tuition fee structure designed to support our students throughout their academic journey.<\/span><\/p><p>\u00a0<\/p><\/div><div class=\"fs-5\"><p class=\"text-black mb-2 text-break\"><span style=\"color: #000000;\">Eisam's tuition fees reflect our commitment to providing a high quality education, equipped with the latest teaching and technological resources. Our aim is to ensure that every student has an enriching and productive learning experience, while remaining mindful of the financial constraints they may face.<\/span><\/p><\/div><p>\u00a0<\/p><p><span style=\"color: #000000;\">By choosing the Eisam Training School, you are not only opting for high-quality training, but also for a partnership with an institution that values the inclusion, excellence and success of each and every one of its students.<\/span><\/p>\t\t\t\t\t\t<\/div>\n\t\t\t\t<\/div>\n\t\t\t\t\t<\/div>\n\t\t<\/div>\n\t\t\t\t\t\t\t<\/div>\n\t\t<\/section>\n\t\t\t\t<section class=\"elementor-section elementor-top-section elementor-element elementor-element-9e4e6c6 elementor-section-boxed elementor-section-height-default elementor-section-height-default\" data-id=\"9e4e6c6\" data-element_type=\"section\">\n\t\t\t\t\t\t<div class=\"elementor-container elementor-column-gap-default\">\n\t\t\t\t\t<div class=\"elementor-column elementor-col-100 elementor-top-column elementor-element elementor-element-8eb728e\" data-id=\"8eb728e\" data-element_type=\"column\">\n\t\t\t<div class=\"elementor-widget-wrap elementor-element-populated\">\n\t\t\t\t\t\t\t\t<div class=\"elementor-element elementor-element-1159b64 elementor-widget elementor-widget-image\" data-id=\"1159b64\" data-element_type=\"widget\" data-widget_type=\"image.default\">\n\t\t\t\t<div class=\"elementor-widget-container\">\n\t\t\t<style>\/*! elementor - v3.10.1 - 17-01-2023 *\/\n.elementor-widget-image{text-align:center}.elementor-widget-image a{display:inline-block}.elementor-widget-image a img[src$=\".svg\"]{width:48px}.elementor-widget-image img{vertical-align:middle;display:inline-block}<\/style>\t\t\t\t\t\t\t\t\t\t\t\t<img decoding=\"async\" width=\"640\" height=\"909\" src=\"https:\/\/eisam.cm\/wp-content\/uploads\/2025\/06\/frais-scolarite-2025-721x1024.jpg\" class=\"attachment-large size-large wp-image-12066\" alt=\"\" srcset=\"https:\/\/eisam.cm\/wp-content\/uploads\/2025\/06\/frais-scolarite-2025-721x1024.jpg 721w, https:\/\/eisam.cm\/wp-content\/uploads\/2025\/06\/frais-scolarite-2025-211x300.jpg 211w, https:\/\/eisam.cm\/wp-content\/uploads\/2025\/06\/frais-scolarite-2025-768x1091.jpg 768w, https:\/\/eisam.cm\/wp-content\/uploads\/2025\/06\/frais-scolarite-2025-600x852.jpg 600w, https:\/\/eisam.cm\/wp-content\/uploads\/2025\/06\/frais-scolarite-2025-8x12.jpg 8w, https:\/\/eisam.cm\/wp-content\/uploads\/2025\/06\/frais-scolarite-2025.jpg 901w\" sizes=\"(max-width: 640px) 100vw, 640px\" \/>\t\t\t\t\t\t\t\t\t\t\t\t\t\t\t<\/div>\n\t\t\t\t<\/div>\n\t\t\t\t\t<\/div>\n\t\t<\/div>\n\t\t\t\t\t\t\t<\/div>\n\t\t<\/section>\n\t\t\t\t\t\t\t<\/div>","protected":false},"excerpt":{"rendered":"<p>L&#8217;\u00c9cole de Formation Eisam est reconnue pour son engagement envers la qualit\u00e9 de l&#8217;\u00e9ducation et la formation professionnelle. Nous comprenons que le choix d&#8217;une \u00e9cole de formation repr\u00e9sente une d\u00e9cision importante pour chaque individu, et nous sommes conscients des d\u00e9fis &hellip; <\/p>","protected":false},"author":2,"featured_media":0,"parent":0,"menu_order":0,"comment_status":"closed","ping_status":"closed","template":"","meta":{"content-type":"","footnotes":""},"class_list":["post-11859","page","type-page","status-publish","hentry"],"yoast_head":"<!-- This site is optimized with the Yoast SEO plugin v20.1 - https:\/\/yoast.com\/wordpress\/plugins\/seo\/ -->\n<title>Frais de Scolarit\u00e9 - l&#039;\u00c9isam<\/title>\n<meta name=\"robots\" content=\"index, follow, max-snippet:-1, max-image-preview:large, max-video-preview:-1\" \/>\n<link rel=\"canonical\" href=\"https:\/\/eisam.cm\/en\/frais-de-scolarite\/\" \/>\n<meta property=\"og:locale\" content=\"en_US\" \/>\n<meta property=\"og:type\" content=\"article\" \/>\n<meta property=\"og:title\" content=\"Frais de Scolarit\u00e9 - l&#039;\u00c9isam\" \/>\n<meta property=\"og:description\" content=\"L&#8217;\u00c9cole de Formation Eisam est reconnue pour son engagement envers la qualit\u00e9 de l&#8217;\u00e9ducation et la formation professionnelle. Nous comprenons que le choix d&#8217;une \u00e9cole de formation repr\u00e9sente une d\u00e9cision importante pour chaque individu, et nous sommes conscients des d\u00e9fis &hellip;\" \/>\n<meta property=\"og:url\" content=\"https:\/\/eisam.cm\/en\/frais-de-scolarite\/\" \/>\n<meta property=\"og:site_name\" content=\"l&#039;\u00c9isam\" \/>\n<meta property=\"article:modified_time\" content=\"2025-06-24T19:07:35+00:00\" \/>\n<meta property=\"og:image\" content=\"https:\/\/eisam.cm\/wp-content\/uploads\/2025\/06\/frais-scolarite-2025-721x1024.jpg\" \/>\n<meta name=\"twitter:card\" content=\"summary_large_image\" \/>\n<meta name=\"twitter:label1\" content=\"Est. reading time\" \/>\n\t<meta name=\"twitter:data1\" content=\"2 minutes\" \/>\n<script type=\"application\/ld+json\" class=\"yoast-schema-graph\">{\"@context\":\"https:\/\/schema.org\",\"@graph\":[{\"@type\":\"WebPage\",\"@id\":\"https:\/\/eisam.cm\/frais-de-scolarite\/\",\"url\":\"https:\/\/eisam.cm\/frais-de-scolarite\/\",\"name\":\"Frais de Scolarit\u00e9 - l&#039;\u00c9isam\",\"isPartOf\":{\"@id\":\"https:\/\/eisam.cm\/#website\"},\"datePublished\":\"2024-07-27T07:15:30+00:00\",\"dateModified\":\"2025-06-24T19:07:35+00:00\",\"breadcrumb\":{\"@id\":\"https:\/\/eisam.cm\/frais-de-scolarite\/#breadcrumb\"},\"inLanguage\":\"en-US\",\"potentialAction\":[{\"@type\":\"ReadAction\",\"target\":[\"https:\/\/eisam.cm\/frais-de-scolarite\/\"]}]},{\"@type\":\"BreadcrumbList\",\"@id\":\"https:\/\/eisam.cm\/frais-de-scolarite\/#breadcrumb\",\"itemListElement\":[{\"@type\":\"ListItem\",\"position\":1,\"name\":\"Accueil\",\"item\":\"https:\/\/eisam.cm\/\"},{\"@type\":\"ListItem\",\"position\":2,\"name\":\"Frais de Scolarit\u00e9\"}]},{\"@type\":\"WebSite\",\"@id\":\"https:\/\/eisam.cm\/#website\",\"url\":\"https:\/\/eisam.cm\/\",\"name\":\"\u00c9isam\",\"description\":\"l&#039;\u00c9cole Internationale des Sciences Avanc\u00e9es et du Management\",\"publisher\":{\"@id\":\"https:\/\/eisam.cm\/#organization\"},\"potentialAction\":[{\"@type\":\"SearchAction\",\"target\":{\"@type\":\"EntryPoint\",\"urlTemplate\":\"https:\/\/eisam.cm\/?s={search_term_string}\"},\"query-input\":\"required name=search_term_string\"}],\"inLanguage\":\"en-US\"},{\"@type\":\"Organization\",\"@id\":\"https:\/\/eisam.cm\/#organization\",\"name\":\"\u00c9isam\",\"url\":\"https:\/\/eisam.cm\/\",\"logo\":{\"@type\":\"ImageObject\",\"inLanguage\":\"en-US\",\"@id\":\"https:\/\/eisam.cm\/#\/schema\/logo\/image\/\",\"url\":\"https:\/\/eisam.cm\/wp-content\/uploads\/2023\/02\/Logo-Eisam_a-1.png\",\"contentUrl\":\"https:\/\/eisam.cm\/wp-content\/uploads\/2023\/02\/Logo-Eisam_a-1.png\",\"width\":500,\"height\":200,\"caption\":\"\u00c9isam\"},\"image\":{\"@id\":\"https:\/\/eisam.cm\/#\/schema\/logo\/image\/\"}}]}<\/script>\n<!-- \/ Yoast SEO plugin. -->","yoast_head_json":{"title":"Frais de Scolarit\u00e9 - l&#039;\u00c9isam","robots":{"index":"index","follow":"follow","max-snippet":"max-snippet:-1","max-image-preview":"max-image-preview:large","max-video-preview":"max-video-preview:-1"},"canonical":"https:\/\/eisam.cm\/en\/frais-de-scolarite\/","og_locale":"en_US","og_type":"article","og_title":"Frais de Scolarit\u00e9 - l&#039;\u00c9isam","og_description":"L&#8217;\u00c9cole de Formation Eisam est reconnue pour son engagement envers la qualit\u00e9 de l&#8217;\u00e9ducation et la formation professionnelle. Nous comprenons que le choix d&#8217;une \u00e9cole de formation repr\u00e9sente une d\u00e9cision importante pour chaque individu, et nous sommes conscients des d\u00e9fis &hellip;","og_url":"https:\/\/eisam.cm\/en\/frais-de-scolarite\/","og_site_name":"l&#039;\u00c9isam","article_modified_time":"2025-06-24T19:07:35+00:00","og_image":[{"url":"https:\/\/eisam.cm\/wp-content\/uploads\/2025\/06\/frais-scolarite-2025-721x1024.jpg"}],"twitter_card":"summary_large_image","twitter_misc":{"Est. reading time":"2 minutes"},"schema":{"@context":"https:\/\/schema.org","@graph":[{"@type":"WebPage","@id":"https:\/\/eisam.cm\/frais-de-scolarite\/","url":"https:\/\/eisam.cm\/frais-de-scolarite\/","name":"Frais de Scolarit\u00e9 - l&#039;\u00c9isam","isPartOf":{"@id":"https:\/\/eisam.cm\/#website"},"datePublished":"2024-07-27T07:15:30+00:00","dateModified":"2025-06-24T19:07:35+00:00","breadcrumb":{"@id":"https:\/\/eisam.cm\/frais-de-scolarite\/#breadcrumb"},"inLanguage":"en-US","potentialAction":[{"@type":"ReadAction","target":["https:\/\/eisam.cm\/frais-de-scolarite\/"]}]},{"@type":"BreadcrumbList","@id":"https:\/\/eisam.cm\/frais-de-scolarite\/#breadcrumb","itemListElement":[{"@type":"ListItem","position":1,"name":"Accueil","item":"https:\/\/eisam.cm\/"},{"@type":"ListItem","position":2,"name":"Frais de Scolarit\u00e9"}]},{"@type":"WebSite","@id":"https:\/\/eisam.cm\/#website","url":"https:\/\/eisam.cm\/","name":"\u00c9isam","description":"l&#039;\u00c9cole Internationale des Sciences Avanc\u00e9es et du Management","publisher":{"@id":"https:\/\/eisam.cm\/#organization"},"potentialAction":[{"@type":"SearchAction","target":{"@type":"EntryPoint","urlTemplate":"https:\/\/eisam.cm\/?s={search_term_string}"},"query-input":"required name=search_term_string"}],"inLanguage":"en-US"},{"@type":"Organization","@id":"https:\/\/eisam.cm\/#organization","name":"\u00c9isam","url":"https:\/\/eisam.cm\/","logo":{"@type":"ImageObject","inLanguage":"en-US","@id":"https:\/\/eisam.cm\/#\/schema\/logo\/image\/","url":"https:\/\/eisam.cm\/wp-content\/uploads\/2023\/02\/Logo-Eisam_a-1.png","contentUrl":"https:\/\/eisam.cm\/wp-content\/uploads\/2023\/02\/Logo-Eisam_a-1.png","width":500,"height":200,"caption":"\u00c9isam"},"image":{"@id":"https:\/\/eisam.cm\/#\/schema\/logo\/image\/"}}]}},"_links":{"self":[{"href":"https:\/\/eisam.cm\/en\/wp-json\/wp\/v2\/pages\/11859","targetHints":{"allow":["GET"]}}],"collection":[{"href":"https:\/\/eisam.cm\/en\/wp-json\/wp\/v2\/pages"}],"about":[{"href":"https:\/\/eisam.cm\/en\/wp-json\/wp\/v2\/types\/page"}],"author":[{"embeddable":true,"href":"https:\/\/eisam.cm\/en\/wp-json\/wp\/v2\/users\/2"}],"replies":[{"embeddable":true,"href":"https:\/\/eisam.cm\/en\/wp-json\/wp\/v2\/comments?post=11859"}],"version-history":[{"count":8,"href":"https:\/\/eisam.cm\/en\/wp-json\/wp\/v2\/pages\/11859\/revisions"}],"predecessor-version":[{"id":12172,"href":"https:\/\/eisam.cm\/en\/wp-json\/wp\/v2\/pages\/11859\/revisions\/12172"}],"wp:attachment":[{"href":"https:\/\/eisam.cm\/en\/wp-json\/wp\/v2\/media?parent=11859"}],"curies":[{"name":"wp","href":"https:\/\/api.w.org\/{rel}","templated":true}]}}