{"id":11137,"date":"2023-02-06T04:48:15","date_gmt":"2023-02-06T03:48:15","guid":{"rendered":"https:\/\/eisam.cm\/?page_id=11137"},"modified":"2024-06-17T10:47:05","modified_gmt":"2024-06-17T08:47:05","slug":"mpi","status":"publish","type":"page","link":"https:\/\/eisam.cm\/en\/mpi\/","title":{"rendered":"MPI (Maths Sp\u00e9)"},"content":{"rendered":"<div data-elementor-type=\"wp-page\" data-elementor-id=\"11137\" class=\"elementor elementor-11137\">\n\t\t\t\t\t\t\t\t\t<section class=\"elementor-section elementor-top-section elementor-element elementor-element-34d58b1 elementor-section-boxed elementor-section-height-default elementor-section-height-default\" data-id=\"34d58b1\" data-element_type=\"section\">\n\t\t\t\t\t\t<div class=\"elementor-container elementor-column-gap-default\">\n\t\t\t\t\t<div class=\"elementor-column elementor-col-100 elementor-top-column elementor-element elementor-element-743b320\" data-id=\"743b320\" data-element_type=\"column\">\n\t\t\t<div class=\"elementor-widget-wrap elementor-element-populated\">\n\t\t\t\t\t\t\t\t<div class=\"elementor-element elementor-element-43b5d23 elementor-widget elementor-widget-image\" data-id=\"43b5d23\" data-element_type=\"widget\" data-widget_type=\"image.default\">\n\t\t\t\t<div class=\"elementor-widget-container\">\n\t\t\t<style>\/*! elementor - v3.10.1 - 17-01-2023 *\/\n.elementor-widget-image{text-align:center}.elementor-widget-image a{display:inline-block}.elementor-widget-image a img[src$=\".svg\"]{width:48px}.elementor-widget-image img{vertical-align:middle;display:inline-block}<\/style>\t\t\t\t\t\t\t\t\t\t\t\t<img decoding=\"async\" width=\"1170\" height=\"500\" src=\"https:\/\/eisam.cm\/wp-content\/uploads\/2024\/06\/6.jpg\" class=\"attachment-1536x1536 size-1536x1536 wp-image-11817\" alt=\"\" srcset=\"https:\/\/eisam.cm\/wp-content\/uploads\/2024\/06\/6.jpg 1170w, https:\/\/eisam.cm\/wp-content\/uploads\/2024\/06\/6-300x128.jpg 300w, https:\/\/eisam.cm\/wp-content\/uploads\/2024\/06\/6-1024x438.jpg 1024w, https:\/\/eisam.cm\/wp-content\/uploads\/2024\/06\/6-768x328.jpg 768w, https:\/\/eisam.cm\/wp-content\/uploads\/2024\/06\/6-600x256.jpg 600w, https:\/\/eisam.cm\/wp-content\/uploads\/2024\/06\/6-18x8.jpg 18w\" sizes=\"(max-width: 1170px) 100vw, 1170px\" \/>\t\t\t\t\t\t\t\t\t\t\t\t\t\t\t<\/div>\n\t\t\t\t<\/div>\n\t\t\t\t\t<\/div>\n\t\t<\/div>\n\t\t\t\t\t\t\t<\/div>\n\t\t<\/section>\n\t\t\t\t<section class=\"elementor-section elementor-top-section elementor-element elementor-element-519fe2c elementor-section-boxed elementor-section-height-default elementor-section-height-default\" data-id=\"519fe2c\" data-element_type=\"section\">\n\t\t\t\t\t\t<div class=\"elementor-container elementor-column-gap-default\">\n\t\t\t\t\t<div class=\"elementor-column elementor-col-100 elementor-top-column elementor-element elementor-element-0843fdb\" data-id=\"0843fdb\" data-element_type=\"column\">\n\t\t\t<div class=\"elementor-widget-wrap elementor-element-populated\">\n\t\t\t\t\t\t\t\t<div class=\"elementor-element elementor-element-79d84ca elementor-widget elementor-widget-alert\" data-id=\"79d84ca\" data-element_type=\"widget\" data-widget_type=\"alert.default\">\n\t\t\t\t<div class=\"elementor-widget-container\">\n\t\t\t<style>\/*! elementor - v3.10.1 - 17-01-2023 *\/\n.elementor-alert{padding:15px;border-left:5px solid transparent;position:relative;text-align:left}.elementor-alert .elementor-alert-title{display:block;font-weight:700}.elementor-alert .elementor-alert-description{font-size:13px}.elementor-alert button.elementor-alert-dismiss{position:absolute;right:var(--dismiss-icon-horizontal-position,10px);top:var(--dismiss-icon-vertical-position,10px);padding:3px;font-size:var(--dismiss-icon-size,20px);line-height:1;background:transparent;color:var(--dismiss-icon-normal-color,inherit);border:none;cursor:pointer;transition-duration:var(--dismiss-icon-hover-transition-duration,.3s)}.elementor-alert button.elementor-alert-dismiss:hover{color:var(--dismiss-icon-hover-color,inherit)}.elementor-alert button.elementor-alert-dismiss svg{width:var(--dismiss-icon-size,20px);height:var(--dismiss-icon-size,20px);fill:var(--dismiss-icon-normal-color,currentColor);transition-duration:var(--dismiss-icon-hover-transition-duration,.3s)}.elementor-alert button.elementor-alert-dismiss svg:hover{fill:var(--dismiss-icon-hover-color,currentColor)}.elementor-alert.elementor-alert-info{color:#31708f;background-color:#d9edf7;border-color:#bcdff1}.elementor-alert.elementor-alert-success{color:#3c763d;background-color:#dff0d8;border-color:#cae6be}.elementor-alert.elementor-alert-warning{color:#8a6d3b;background-color:#fcf8e3;border-color:#f9f0c3}.elementor-alert.elementor-alert-danger{color:#a94442;background-color:#f2dede;border-color:#e8c4c4}@media (max-width:767px){.elementor-alert{padding:10px}.elementor-alert button.elementor-alert-dismiss{right:7px;top:7px}}<\/style>\t\t<div class=\"elementor-alert elementor-alert-info\" role=\"alert\">\n\t\t\t<span class=\"elementor-alert-title\">Students who have validated all their credits (60 ECTS) at the end of the 1st year are automatically admitted to the 2nd year.<br> Students from other courses (BAC+1 or BAC+2) with excellent academic results may also be admitted after studying their application and attending an interview.<\/span>\n\t\t\t\t\t\t\t\t\t\t<button type=\"button\" class=\"elementor-alert-dismiss\">\n\t\t\t\t\t<i aria-hidden=\"true\" class=\"fas fa-info-circle\"><\/i>\t\t\t\t\t<span class=\"elementor-screen-only\">Dismiss alert<\/span>\n\t\t\t\t<\/button>\n\t\t\t\t\t<\/div>\n\t\t\t\t<\/div>\n\t\t\t\t<\/div>\n\t\t\t\t\t<\/div>\n\t\t<\/div>\n\t\t\t\t\t\t\t<\/div>\n\t\t<\/section>\n\t\t\t\t\t\t\t<\/div>","protected":false},"excerpt":{"rendered":"<p>Sont automatiquement admis en 2\u00e8me ann\u00e9e les \u00e9tudiants ayant valid\u00e9 l\u2019int\u00e9gralit\u00e9 de leurs cr\u00e9dits (60 ECTS) \u00e0 la fin de la 1\u00e8re ann\u00e9e. Peuvent \u00e9galement \u00eatre admis apr\u00e8s \u00e9tude de dossier et entretien, les \u00e9tudiants issus d\u2019autres formations (BAC+1 ou &hellip; <\/p>","protected":false},"author":2,"featured_media":0,"parent":0,"menu_order":0,"comment_status":"closed","ping_status":"closed","template":"","meta":{"content-type":"","footnotes":""},"class_list":["post-11137","page","type-page","status-publish","hentry"],"yoast_head":"<!-- This site is optimized with the Yoast SEO plugin v20.1 - https:\/\/yoast.com\/wordpress\/plugins\/seo\/ -->\n<title>MPI (Maths Sp\u00e9) - l&#039;\u00c9isam<\/title>\n<meta name=\"robots\" content=\"index, follow, max-snippet:-1, max-image-preview:large, max-video-preview:-1\" \/>\n<link rel=\"canonical\" href=\"https:\/\/eisam.cm\/en\/mpi\/\" \/>\n<meta property=\"og:locale\" content=\"en_US\" \/>\n<meta property=\"og:type\" content=\"article\" \/>\n<meta property=\"og:title\" content=\"MPI (Maths Sp\u00e9) - l&#039;\u00c9isam\" \/>\n<meta property=\"og:description\" content=\"Sont automatiquement admis en 2\u00e8me ann\u00e9e les \u00e9tudiants ayant valid\u00e9 l\u2019int\u00e9gralit\u00e9 de leurs cr\u00e9dits (60 ECTS) \u00e0 la fin de la 1\u00e8re ann\u00e9e. Peuvent \u00e9galement \u00eatre admis apr\u00e8s \u00e9tude de dossier et entretien, les \u00e9tudiants issus d\u2019autres formations (BAC+1 ou &hellip;\" \/>\n<meta property=\"og:url\" content=\"https:\/\/eisam.cm\/en\/mpi\/\" \/>\n<meta property=\"og:site_name\" content=\"l&#039;\u00c9isam\" \/>\n<meta property=\"article:modified_time\" content=\"2024-06-17T08:47:05+00:00\" \/>\n<meta property=\"og:image\" content=\"https:\/\/eisam.cm\/wp-content\/uploads\/2024\/06\/6.jpg\" \/>\n<meta name=\"twitter:card\" content=\"summary_large_image\" \/>\n<meta name=\"twitter:label1\" content=\"Est. reading time\" \/>\n\t<meta name=\"twitter:data1\" content=\"1 minute\" \/>\n<script type=\"application\/ld+json\" class=\"yoast-schema-graph\">{\"@context\":\"https:\/\/schema.org\",\"@graph\":[{\"@type\":\"WebPage\",\"@id\":\"https:\/\/eisam.cm\/mpi\/\",\"url\":\"https:\/\/eisam.cm\/mpi\/\",\"name\":\"MPI (Maths Sp\u00e9) - l&#039;\u00c9isam\",\"isPartOf\":{\"@id\":\"https:\/\/eisam.cm\/#website\"},\"datePublished\":\"2023-02-06T03:48:15+00:00\",\"dateModified\":\"2024-06-17T08:47:05+00:00\",\"breadcrumb\":{\"@id\":\"https:\/\/eisam.cm\/mpi\/#breadcrumb\"},\"inLanguage\":\"en-US\",\"potentialAction\":[{\"@type\":\"ReadAction\",\"target\":[\"https:\/\/eisam.cm\/mpi\/\"]}]},{\"@type\":\"BreadcrumbList\",\"@id\":\"https:\/\/eisam.cm\/mpi\/#breadcrumb\",\"itemListElement\":[{\"@type\":\"ListItem\",\"position\":1,\"name\":\"Accueil\",\"item\":\"https:\/\/eisam.cm\/\"},{\"@type\":\"ListItem\",\"position\":2,\"name\":\"MPI (Maths Sp\u00e9)\"}]},{\"@type\":\"WebSite\",\"@id\":\"https:\/\/eisam.cm\/#website\",\"url\":\"https:\/\/eisam.cm\/\",\"name\":\"\u00c9isam\",\"description\":\"l&#039;\u00c9cole Internationale des Sciences Avanc\u00e9es et du Management\",\"publisher\":{\"@id\":\"https:\/\/eisam.cm\/#organization\"},\"potentialAction\":[{\"@type\":\"SearchAction\",\"target\":{\"@type\":\"EntryPoint\",\"urlTemplate\":\"https:\/\/eisam.cm\/?s={search_term_string}\"},\"query-input\":\"required name=search_term_string\"}],\"inLanguage\":\"en-US\"},{\"@type\":\"Organization\",\"@id\":\"https:\/\/eisam.cm\/#organization\",\"name\":\"\u00c9isam\",\"url\":\"https:\/\/eisam.cm\/\",\"logo\":{\"@type\":\"ImageObject\",\"inLanguage\":\"en-US\",\"@id\":\"https:\/\/eisam.cm\/#\/schema\/logo\/image\/\",\"url\":\"https:\/\/eisam.cm\/wp-content\/uploads\/2023\/02\/Logo-Eisam_a-1.png\",\"contentUrl\":\"https:\/\/eisam.cm\/wp-content\/uploads\/2023\/02\/Logo-Eisam_a-1.png\",\"width\":500,\"height\":200,\"caption\":\"\u00c9isam\"},\"image\":{\"@id\":\"https:\/\/eisam.cm\/#\/schema\/logo\/image\/\"}}]}<\/script>\n<!-- \/ Yoast SEO plugin. -->","yoast_head_json":{"title":"MPI (Maths Sp\u00e9) - l&#039;\u00c9isam","robots":{"index":"index","follow":"follow","max-snippet":"max-snippet:-1","max-image-preview":"max-image-preview:large","max-video-preview":"max-video-preview:-1"},"canonical":"https:\/\/eisam.cm\/en\/mpi\/","og_locale":"en_US","og_type":"article","og_title":"MPI (Maths Sp\u00e9) - l&#039;\u00c9isam","og_description":"Sont automatiquement admis en 2\u00e8me ann\u00e9e les \u00e9tudiants ayant valid\u00e9 l\u2019int\u00e9gralit\u00e9 de leurs cr\u00e9dits (60 ECTS) \u00e0 la fin de la 1\u00e8re ann\u00e9e. Peuvent \u00e9galement \u00eatre admis apr\u00e8s \u00e9tude de dossier et entretien, les \u00e9tudiants issus d\u2019autres formations (BAC+1 ou &hellip;","og_url":"https:\/\/eisam.cm\/en\/mpi\/","og_site_name":"l&#039;\u00c9isam","article_modified_time":"2024-06-17T08:47:05+00:00","og_image":[{"url":"https:\/\/eisam.cm\/wp-content\/uploads\/2024\/06\/6.jpg"}],"twitter_card":"summary_large_image","twitter_misc":{"Est. reading time":"1 minute"},"schema":{"@context":"https:\/\/schema.org","@graph":[{"@type":"WebPage","@id":"https:\/\/eisam.cm\/mpi\/","url":"https:\/\/eisam.cm\/mpi\/","name":"MPI (Maths Sp\u00e9) - l&#039;\u00c9isam","isPartOf":{"@id":"https:\/\/eisam.cm\/#website"},"datePublished":"2023-02-06T03:48:15+00:00","dateModified":"2024-06-17T08:47:05+00:00","breadcrumb":{"@id":"https:\/\/eisam.cm\/mpi\/#breadcrumb"},"inLanguage":"en-US","potentialAction":[{"@type":"ReadAction","target":["https:\/\/eisam.cm\/mpi\/"]}]},{"@type":"BreadcrumbList","@id":"https:\/\/eisam.cm\/mpi\/#breadcrumb","itemListElement":[{"@type":"ListItem","position":1,"name":"Accueil","item":"https:\/\/eisam.cm\/"},{"@type":"ListItem","position":2,"name":"MPI (Maths Sp\u00e9)"}]},{"@type":"WebSite","@id":"https:\/\/eisam.cm\/#website","url":"https:\/\/eisam.cm\/","name":"\u00c9isam","description":"l&#039;\u00c9cole Internationale des Sciences Avanc\u00e9es et du Management","publisher":{"@id":"https:\/\/eisam.cm\/#organization"},"potentialAction":[{"@type":"SearchAction","target":{"@type":"EntryPoint","urlTemplate":"https:\/\/eisam.cm\/?s={search_term_string}"},"query-input":"required name=search_term_string"}],"inLanguage":"en-US"},{"@type":"Organization","@id":"https:\/\/eisam.cm\/#organization","name":"\u00c9isam","url":"https:\/\/eisam.cm\/","logo":{"@type":"ImageObject","inLanguage":"en-US","@id":"https:\/\/eisam.cm\/#\/schema\/logo\/image\/","url":"https:\/\/eisam.cm\/wp-content\/uploads\/2023\/02\/Logo-Eisam_a-1.png","contentUrl":"https:\/\/eisam.cm\/wp-content\/uploads\/2023\/02\/Logo-Eisam_a-1.png","width":500,"height":200,"caption":"\u00c9isam"},"image":{"@id":"https:\/\/eisam.cm\/#\/schema\/logo\/image\/"}}]}},"_links":{"self":[{"href":"https:\/\/eisam.cm\/en\/wp-json\/wp\/v2\/pages\/11137","targetHints":{"allow":["GET"]}}],"collection":[{"href":"https:\/\/eisam.cm\/en\/wp-json\/wp\/v2\/pages"}],"about":[{"href":"https:\/\/eisam.cm\/en\/wp-json\/wp\/v2\/types\/page"}],"author":[{"embeddable":true,"href":"https:\/\/eisam.cm\/en\/wp-json\/wp\/v2\/users\/2"}],"replies":[{"embeddable":true,"href":"https:\/\/eisam.cm\/en\/wp-json\/wp\/v2\/comments?post=11137"}],"version-history":[{"count":10,"href":"https:\/\/eisam.cm\/en\/wp-json\/wp\/v2\/pages\/11137\/revisions"}],"predecessor-version":[{"id":11838,"href":"https:\/\/eisam.cm\/en\/wp-json\/wp\/v2\/pages\/11137\/revisions\/11838"}],"wp:attachment":[{"href":"https:\/\/eisam.cm\/en\/wp-json\/wp\/v2\/media?parent=11137"}],"curies":[{"name":"wp","href":"https:\/\/api.w.org\/{rel}","templated":true}]}}