{"id":11132,"date":"2023-02-06T04:45:15","date_gmt":"2023-02-06T03:45:15","guid":{"rendered":"https:\/\/eisam.cm\/?page_id=11132"},"modified":"2024-06-25T09:00:51","modified_gmt":"2024-06-25T07:00:51","slug":"mp2i","status":"publish","type":"page","link":"https:\/\/eisam.cm\/en\/mp2i\/","title":{"rendered":"MP2I (Maths Sup)"},"content":{"rendered":"<div data-elementor-type=\"wp-page\" data-elementor-id=\"11132\" class=\"elementor elementor-11132\">\n\t\t\t\t\t\t\t\t\t<section class=\"elementor-section elementor-top-section elementor-element elementor-element-519fe2c elementor-section-boxed elementor-section-height-default elementor-section-height-default\" data-id=\"519fe2c\" data-element_type=\"section\">\n\t\t\t\t\t\t<div class=\"elementor-container elementor-column-gap-default\">\n\t\t\t\t\t<div class=\"elementor-column elementor-col-100 elementor-top-column elementor-element elementor-element-0843fdb\" data-id=\"0843fdb\" data-element_type=\"column\">\n\t\t\t<div class=\"elementor-widget-wrap elementor-element-populated\">\n\t\t\t\t\t\t\t\t<div class=\"elementor-element elementor-element-e926e31 elementor-widget elementor-widget-image\" data-id=\"e926e31\" data-element_type=\"widget\" data-widget_type=\"image.default\">\n\t\t\t\t<div class=\"elementor-widget-container\">\n\t\t\t<style>\/*! elementor - v3.10.1 - 17-01-2023 *\/\n.elementor-widget-image{text-align:center}.elementor-widget-image a{display:inline-block}.elementor-widget-image a img[src$=\".svg\"]{width:48px}.elementor-widget-image img{vertical-align:middle;display:inline-block}<\/style>\t\t\t\t\t\t\t\t\t\t\t\t<img decoding=\"async\" width=\"1170\" height=\"500\" src=\"https:\/\/eisam.cm\/wp-content\/uploads\/2024\/06\/5.jpg\" class=\"attachment-1536x1536 size-1536x1536 wp-image-11816\" alt=\"\" srcset=\"https:\/\/eisam.cm\/wp-content\/uploads\/2024\/06\/5.jpg 1170w, https:\/\/eisam.cm\/wp-content\/uploads\/2024\/06\/5-300x128.jpg 300w, https:\/\/eisam.cm\/wp-content\/uploads\/2024\/06\/5-1024x438.jpg 1024w, https:\/\/eisam.cm\/wp-content\/uploads\/2024\/06\/5-768x328.jpg 768w, https:\/\/eisam.cm\/wp-content\/uploads\/2024\/06\/5-600x256.jpg 600w, https:\/\/eisam.cm\/wp-content\/uploads\/2024\/06\/5-18x8.jpg 18w\" sizes=\"(max-width: 1170px) 100vw, 1170px\" \/>\t\t\t\t\t\t\t\t\t\t\t\t\t\t\t<\/div>\n\t\t\t\t<\/div>\n\t\t\t\t<div class=\"elementor-element elementor-element-897bd1f elementor-widget elementor-widget-alert\" data-id=\"897bd1f\" data-element_type=\"widget\" data-widget_type=\"alert.default\">\n\t\t\t\t<div class=\"elementor-widget-container\">\n\t\t\t<style>\/*! elementor - v3.10.1 - 17-01-2023 *\/\n.elementor-alert{padding:15px;border-left:5px solid transparent;position:relative;text-align:left}.elementor-alert .elementor-alert-title{display:block;font-weight:700}.elementor-alert .elementor-alert-description{font-size:13px}.elementor-alert button.elementor-alert-dismiss{position:absolute;right:var(--dismiss-icon-horizontal-position,10px);top:var(--dismiss-icon-vertical-position,10px);padding:3px;font-size:var(--dismiss-icon-size,20px);line-height:1;background:transparent;color:var(--dismiss-icon-normal-color,inherit);border:none;cursor:pointer;transition-duration:var(--dismiss-icon-hover-transition-duration,.3s)}.elementor-alert button.elementor-alert-dismiss:hover{color:var(--dismiss-icon-hover-color,inherit)}.elementor-alert button.elementor-alert-dismiss svg{width:var(--dismiss-icon-size,20px);height:var(--dismiss-icon-size,20px);fill:var(--dismiss-icon-normal-color,currentColor);transition-duration:var(--dismiss-icon-hover-transition-duration,.3s)}.elementor-alert button.elementor-alert-dismiss svg:hover{fill:var(--dismiss-icon-hover-color,currentColor)}.elementor-alert.elementor-alert-info{color:#31708f;background-color:#d9edf7;border-color:#bcdff1}.elementor-alert.elementor-alert-success{color:#3c763d;background-color:#dff0d8;border-color:#cae6be}.elementor-alert.elementor-alert-warning{color:#8a6d3b;background-color:#fcf8e3;border-color:#f9f0c3}.elementor-alert.elementor-alert-danger{color:#a94442;background-color:#f2dede;border-color:#e8c4c4}@media (max-width:767px){.elementor-alert{padding:10px}.elementor-alert button.elementor-alert-dismiss{right:7px;top:7px}}<\/style>\t\t<div class=\"elementor-alert elementor-alert-info\" role=\"alert\">\n\t\t\t<span class=\"elementor-alert-title\">In order to give those from disadvantaged backgrounds a chance, admission to the 1st year of the CPGE (MP2I) is open to all:<\/span>\n\t\t\t\t\t\t\t<span class=\"elementor-alert-description\">- By competitive examination (1h30min mathematics test based on the science syllabus for Premi\u00e8re and Terminale) for the eligibility phase  <br>\n- Followed by an oral interview (face-to-face\/distance) for the admission phase.\n\n<br><br>\n<strong>NB: To make registration easier, we recommend that you scan the documents below using your mobile phone, by installing the application <em style=\"color: #92B296 \" >CamScanner <\/em>\nYou will find <a href=\"https:\/\/www.youtube.com\/watch?v=g7W5ogbLf4k\" target=\"_blank\" style=\"color: #92B296\">Here<\/a><\/em><\/strong>  <strong>a tutorial on how to install and use this application. It's free to download: <\/strong>\n<br>\n- National identity card, receipt or passport <br>\n- Birthday Certificate <br>\n- School certificate <br>\n- Baccalaur\u00e9at \/ GCE A Level transcript if you have obtained it <br>\n- Probatoire \/ GCE O Level transcript if you have obtained it <br>\n- Report cards for the current year <br>\n- Year-end report cards <br>\n- First year report cards <br>\n- Yearly report cards for Year 10 <br><br>\n\n<strong> Competition fees: <\/strong> Competition costs amount to <strong> 5000  Franc <\/strong> adjustable by <strong> <i>mobile or on-site payment<\/i><\/strong>. For further information about Gabon, please contact the contacts below:<br\/>\n- <strong> Airtel Money: <\/strong> 0024174166911 <br>\n- <strong> Moov Money: <\/strong> 0024166174601 <\/span>\n\t\t\t\t\t\t\t\t\t\t<button type=\"button\" class=\"elementor-alert-dismiss\">\n\t\t\t\t\t<i aria-hidden=\"true\" class=\"fas fa-info-circle\"><\/i>\t\t\t\t\t<span class=\"elementor-screen-only\">Dismiss alert<\/span>\n\t\t\t\t<\/button>\n\t\t\t\t\t<\/div>\n\t\t\t\t<\/div>\n\t\t\t\t<\/div>\n\t\t\t\t\t<\/div>\n\t\t<\/div>\n\t\t\t\t\t\t\t<\/div>\n\t\t<\/section>\n\t\t\t\t<section class=\"elementor-section elementor-top-section elementor-element elementor-element-32760b8 elementor-section-boxed elementor-section-height-default elementor-section-height-default\" data-id=\"32760b8\" data-element_type=\"section\">\n\t\t\t\t\t\t<div class=\"elementor-container elementor-column-gap-default\">\n\t\t\t\t\t<div class=\"elementor-column elementor-col-100 elementor-top-column elementor-element elementor-element-54cb580\" data-id=\"54cb580\" data-element_type=\"column\">\n\t\t\t<div class=\"elementor-widget-wrap elementor-element-populated\">\n\t\t\t\t\t\t\t\t<div class=\"elementor-element elementor-element-afeb8bf elementor-widget elementor-widget-html\" data-id=\"afeb8bf\" data-element_type=\"widget\" data-widget_type=\"html.default\">\n\t\t\t\t<div class=\"elementor-widget-container\">\n\t\t\t<script charset=\"utf-8\" type=\"text\/javascript\" src=\"\/\/js-eu1.hsforms.net\/forms\/embed\/v2.js\"><\/script>\r\n<script>\r\n  hbspt.forms.create({\r\n    region: \"eu1\",\r\n    portalId: \"144750187\",\r\n    formId: \"0f364b04-f33c-4972-9a89-bc7567e96f27\"\r\n  });\r\n<\/script>\t\t<\/div>\n\t\t\t\t<\/div>\n\t\t\t\t\t<\/div>\n\t\t<\/div>\n\t\t\t\t\t\t\t<\/div>\n\t\t<\/section>\n\t\t\t\t\t\t\t<\/div>","protected":false},"excerpt":{"rendered":"<p>Afin de donner la chance \u00e0 ceux qui sont issus de milieux d\u00e9favoris\u00e9s, l\u2019admission en 1\u00e8re ann\u00e9e de CPGE (MP2I) se fait: &#8211; Par concours (\u00e9preuve de math\u00e9matiques de 1h30min bas\u00e9e sur les programmes de Premi\u00e8re et Terminale scientifiques) pour &hellip; <\/p>","protected":false},"author":2,"featured_media":11816,"parent":0,"menu_order":0,"comment_status":"closed","ping_status":"closed","template":"","meta":{"content-type":"","footnotes":""},"class_list":["post-11132","page","type-page","status-publish","has-post-thumbnail","hentry"],"yoast_head":"<!-- This site is optimized with the Yoast SEO plugin v20.1 - https:\/\/yoast.com\/wordpress\/plugins\/seo\/ -->\n<title>MP2I (Maths Sup) - l&#039;\u00c9isam<\/title>\n<meta name=\"robots\" content=\"index, follow, max-snippet:-1, max-image-preview:large, max-video-preview:-1\" \/>\n<link rel=\"canonical\" href=\"https:\/\/eisam.cm\/en\/mp2i\/\" \/>\n<meta property=\"og:locale\" content=\"en_US\" \/>\n<meta property=\"og:type\" content=\"article\" \/>\n<meta property=\"og:title\" content=\"MP2I (Maths Sup) - l&#039;\u00c9isam\" \/>\n<meta property=\"og:description\" content=\"Afin de donner la chance \u00e0 ceux qui sont issus de milieux d\u00e9favoris\u00e9s, l\u2019admission en 1\u00e8re ann\u00e9e de CPGE (MP2I) se fait: &#8211; Par concours (\u00e9preuve de math\u00e9matiques de 1h30min bas\u00e9e sur les programmes de Premi\u00e8re et Terminale scientifiques) pour &hellip;\" \/>\n<meta property=\"og:url\" content=\"https:\/\/eisam.cm\/en\/mp2i\/\" \/>\n<meta property=\"og:site_name\" content=\"l&#039;\u00c9isam\" \/>\n<meta property=\"article:modified_time\" content=\"2024-06-25T07:00:51+00:00\" \/>\n<meta property=\"og:image\" content=\"https:\/\/eisam.cm\/wp-content\/uploads\/2024\/06\/5.jpg\" \/>\n\t<meta property=\"og:image:width\" content=\"1170\" \/>\n\t<meta property=\"og:image:height\" content=\"500\" \/>\n\t<meta property=\"og:image:type\" content=\"image\/jpeg\" \/>\n<meta name=\"twitter:card\" content=\"summary_large_image\" \/>\n<meta name=\"twitter:label1\" content=\"Est. reading time\" \/>\n\t<meta name=\"twitter:data1\" content=\"2 minutes\" \/>\n<script type=\"application\/ld+json\" class=\"yoast-schema-graph\">{\"@context\":\"https:\/\/schema.org\",\"@graph\":[{\"@type\":\"WebPage\",\"@id\":\"https:\/\/eisam.cm\/mp2i\/\",\"url\":\"https:\/\/eisam.cm\/mp2i\/\",\"name\":\"MP2I (Maths Sup) - l&#039;\u00c9isam\",\"isPartOf\":{\"@id\":\"https:\/\/eisam.cm\/#website\"},\"datePublished\":\"2023-02-06T03:45:15+00:00\",\"dateModified\":\"2024-06-25T07:00:51+00:00\",\"breadcrumb\":{\"@id\":\"https:\/\/eisam.cm\/mp2i\/#breadcrumb\"},\"inLanguage\":\"en-US\",\"potentialAction\":[{\"@type\":\"ReadAction\",\"target\":[\"https:\/\/eisam.cm\/mp2i\/\"]}]},{\"@type\":\"BreadcrumbList\",\"@id\":\"https:\/\/eisam.cm\/mp2i\/#breadcrumb\",\"itemListElement\":[{\"@type\":\"ListItem\",\"position\":1,\"name\":\"Accueil\",\"item\":\"https:\/\/eisam.cm\/\"},{\"@type\":\"ListItem\",\"position\":2,\"name\":\"MP2I (Maths Sup)\"}]},{\"@type\":\"WebSite\",\"@id\":\"https:\/\/eisam.cm\/#website\",\"url\":\"https:\/\/eisam.cm\/\",\"name\":\"\u00c9isam\",\"description\":\"l&#039;\u00c9cole Internationale des Sciences Avanc\u00e9es et du Management\",\"publisher\":{\"@id\":\"https:\/\/eisam.cm\/#organization\"},\"potentialAction\":[{\"@type\":\"SearchAction\",\"target\":{\"@type\":\"EntryPoint\",\"urlTemplate\":\"https:\/\/eisam.cm\/?s={search_term_string}\"},\"query-input\":\"required name=search_term_string\"}],\"inLanguage\":\"en-US\"},{\"@type\":\"Organization\",\"@id\":\"https:\/\/eisam.cm\/#organization\",\"name\":\"\u00c9isam\",\"url\":\"https:\/\/eisam.cm\/\",\"logo\":{\"@type\":\"ImageObject\",\"inLanguage\":\"en-US\",\"@id\":\"https:\/\/eisam.cm\/#\/schema\/logo\/image\/\",\"url\":\"https:\/\/eisam.cm\/wp-content\/uploads\/2023\/02\/Logo-Eisam_a-1.png\",\"contentUrl\":\"https:\/\/eisam.cm\/wp-content\/uploads\/2023\/02\/Logo-Eisam_a-1.png\",\"width\":500,\"height\":200,\"caption\":\"\u00c9isam\"},\"image\":{\"@id\":\"https:\/\/eisam.cm\/#\/schema\/logo\/image\/\"}}]}<\/script>\n<!-- \/ Yoast SEO plugin. -->","yoast_head_json":{"title":"MP2I (Maths Sup) - l&#039;\u00c9isam","robots":{"index":"index","follow":"follow","max-snippet":"max-snippet:-1","max-image-preview":"max-image-preview:large","max-video-preview":"max-video-preview:-1"},"canonical":"https:\/\/eisam.cm\/en\/mp2i\/","og_locale":"en_US","og_type":"article","og_title":"MP2I (Maths Sup) - l&#039;\u00c9isam","og_description":"Afin de donner la chance \u00e0 ceux qui sont issus de milieux d\u00e9favoris\u00e9s, l\u2019admission en 1\u00e8re ann\u00e9e de CPGE (MP2I) se fait: &#8211; Par concours (\u00e9preuve de math\u00e9matiques de 1h30min bas\u00e9e sur les programmes de Premi\u00e8re et Terminale scientifiques) pour &hellip;","og_url":"https:\/\/eisam.cm\/en\/mp2i\/","og_site_name":"l&#039;\u00c9isam","article_modified_time":"2024-06-25T07:00:51+00:00","og_image":[{"width":1170,"height":500,"url":"https:\/\/eisam.cm\/wp-content\/uploads\/2024\/06\/5.jpg","type":"image\/jpeg"}],"twitter_card":"summary_large_image","twitter_misc":{"Est. reading time":"2 minutes"},"schema":{"@context":"https:\/\/schema.org","@graph":[{"@type":"WebPage","@id":"https:\/\/eisam.cm\/mp2i\/","url":"https:\/\/eisam.cm\/mp2i\/","name":"MP2I (Maths Sup) - l&#039;\u00c9isam","isPartOf":{"@id":"https:\/\/eisam.cm\/#website"},"datePublished":"2023-02-06T03:45:15+00:00","dateModified":"2024-06-25T07:00:51+00:00","breadcrumb":{"@id":"https:\/\/eisam.cm\/mp2i\/#breadcrumb"},"inLanguage":"en-US","potentialAction":[{"@type":"ReadAction","target":["https:\/\/eisam.cm\/mp2i\/"]}]},{"@type":"BreadcrumbList","@id":"https:\/\/eisam.cm\/mp2i\/#breadcrumb","itemListElement":[{"@type":"ListItem","position":1,"name":"Accueil","item":"https:\/\/eisam.cm\/"},{"@type":"ListItem","position":2,"name":"MP2I (Maths Sup)"}]},{"@type":"WebSite","@id":"https:\/\/eisam.cm\/#website","url":"https:\/\/eisam.cm\/","name":"\u00c9isam","description":"l&#039;\u00c9cole Internationale des Sciences Avanc\u00e9es et du Management","publisher":{"@id":"https:\/\/eisam.cm\/#organization"},"potentialAction":[{"@type":"SearchAction","target":{"@type":"EntryPoint","urlTemplate":"https:\/\/eisam.cm\/?s={search_term_string}"},"query-input":"required name=search_term_string"}],"inLanguage":"en-US"},{"@type":"Organization","@id":"https:\/\/eisam.cm\/#organization","name":"\u00c9isam","url":"https:\/\/eisam.cm\/","logo":{"@type":"ImageObject","inLanguage":"en-US","@id":"https:\/\/eisam.cm\/#\/schema\/logo\/image\/","url":"https:\/\/eisam.cm\/wp-content\/uploads\/2023\/02\/Logo-Eisam_a-1.png","contentUrl":"https:\/\/eisam.cm\/wp-content\/uploads\/2023\/02\/Logo-Eisam_a-1.png","width":500,"height":200,"caption":"\u00c9isam"},"image":{"@id":"https:\/\/eisam.cm\/#\/schema\/logo\/image\/"}}]}},"_links":{"self":[{"href":"https:\/\/eisam.cm\/en\/wp-json\/wp\/v2\/pages\/11132","targetHints":{"allow":["GET"]}}],"collection":[{"href":"https:\/\/eisam.cm\/en\/wp-json\/wp\/v2\/pages"}],"about":[{"href":"https:\/\/eisam.cm\/en\/wp-json\/wp\/v2\/types\/page"}],"author":[{"embeddable":true,"href":"https:\/\/eisam.cm\/en\/wp-json\/wp\/v2\/users\/2"}],"replies":[{"embeddable":true,"href":"https:\/\/eisam.cm\/en\/wp-json\/wp\/v2\/comments?post=11132"}],"version-history":[{"count":79,"href":"https:\/\/eisam.cm\/en\/wp-json\/wp\/v2\/pages\/11132\/revisions"}],"predecessor-version":[{"id":11852,"href":"https:\/\/eisam.cm\/en\/wp-json\/wp\/v2\/pages\/11132\/revisions\/11852"}],"wp:featuredmedia":[{"embeddable":true,"href":"https:\/\/eisam.cm\/en\/wp-json\/wp\/v2\/media\/11816"}],"wp:attachment":[{"href":"https:\/\/eisam.cm\/en\/wp-json\/wp\/v2\/media?parent=11132"}],"curies":[{"name":"wp","href":"https:\/\/api.w.org\/{rel}","templated":true}]}}